{"id":683,"date":"2021-03-22T16:13:56","date_gmt":"2021-03-22T15:13:56","guid":{"rendered":"http:\/\/csbpn.org\/?page_id=683"},"modified":"2025-12-29T15:27:43","modified_gmt":"2025-12-29T14:27:43","slug":"secteurs-dactivite","status":"publish","type":"page","link":"https:\/\/csbpn.org\/index.php\/secteurs-dactivite\/","title":{"rendered":"Nos activit\u00e9s &amp; services"},"content":{"rendered":"\t\t<div data-elementor-type=\"wp-page\" data-elementor-id=\"683\" class=\"elementor elementor-683\" data-elementor-post-type=\"page\">\n\t\t\t\t\t\t<section class=\"elementor-section elementor-top-section elementor-element elementor-element-1e6eb25a elementor-section-height-min-height elementor-section-boxed elementor-section-height-default elementor-section-items-middle\" data-id=\"1e6eb25a\" data-element_type=\"section\" data-e-type=\"section\" data-settings=\"{&quot;background_background&quot;:&quot;classic&quot;}\">\n\t\t\t\t\t\t\t<div class=\"elementor-background-overlay\"><\/div>\n\t\t\t\t\t\t\t<div class=\"elementor-container elementor-column-gap-default\">\n\t\t\t\t\t<div class=\"elementor-column elementor-col-100 elementor-top-column elementor-element elementor-element-a99f7b2\" data-id=\"a99f7b2\" data-element_type=\"column\" data-e-type=\"column\">\n\t\t\t<div class=\"elementor-widget-wrap elementor-element-populated\">\n\t\t\t\t\t\t<div class=\"elementor-element elementor-element-4df1d606 elementor-widget elementor-widget-heading\" data-id=\"4df1d606\" data-element_type=\"widget\" data-e-type=\"widget\" data-widget_type=\"heading.default\">\n\t\t\t\t<div class=\"elementor-widget-container\">\n\t\t\t\t\t<h2 class=\"elementor-heading-title elementor-size-large\">activit\u00e9s et services<\/h2>\t\t\t\t<\/div>\n\t\t\t\t<\/div>\n\t\t\t\t<div class=\"elementor-element elementor-element-7a30dbfd elementor-widget-divider--view-line elementor-widget elementor-widget-divider\" data-id=\"7a30dbfd\" data-element_type=\"widget\" data-e-type=\"widget\" data-widget_type=\"divider.default\">\n\t\t\t\t<div class=\"elementor-widget-container\">\n\t\t\t\t\t\t\t<div class=\"elementor-divider\">\n\t\t\t<span class=\"elementor-divider-separator\">\n\t\t\t\t\t\t<\/span>\n\t\t<\/div>\n\t\t\t\t\t\t<\/div>\n\t\t\t\t<\/div>\n\t\t\t\t\t<\/div>\n\t\t<\/div>\n\t\t\t\t\t<\/div>\n\t\t<\/section>\n\t\t\t\t<section class=\"elementor-section elementor-top-section elementor-element elementor-element-427ce11e elementor-section-height-min-height elementor-section-content-middle elementor-section-boxed elementor-section-height-default elementor-section-items-middle\" data-id=\"427ce11e\" data-element_type=\"section\" data-e-type=\"section\" data-settings=\"{&quot;background_background&quot;:&quot;classic&quot;}\">\n\t\t\t\t\t\t<div class=\"elementor-container elementor-column-gap-default\">\n\t\t\t\t\t<div class=\"elementor-column elementor-col-100 elementor-top-column elementor-element elementor-element-182a0675\" data-id=\"182a0675\" data-element_type=\"column\" data-e-type=\"column\">\n\t\t\t<div class=\"elementor-widget-wrap elementor-element-populated\">\n\t\t\t\t\t\t<div class=\"elementor-element elementor-element-7adf3d49 elementor-widget-divider--view-line elementor-widget elementor-widget-divider\" data-id=\"7adf3d49\" data-element_type=\"widget\" data-e-type=\"widget\" data-widget_type=\"divider.default\">\n\t\t\t\t<div class=\"elementor-widget-container\">\n\t\t\t\t\t\t\t<div class=\"elementor-divider\">\n\t\t\t<span class=\"elementor-divider-separator\">\n\t\t\t\t\t\t<\/span>\n\t\t<\/div>\n\t\t\t\t\t\t<\/div>\n\t\t\t\t<\/div>\n\t\t\t\t<div class=\"elementor-element elementor-element-facbdc5 elementor-widget elementor-widget-text-editor\" data-id=\"facbdc5\" data-element_type=\"widget\" data-e-type=\"widget\" data-widget_type=\"text-editor.default\">\n\t\t\t\t<div class=\"elementor-widget-container\">\n\t\t\t\t\t\t\t\t\t<p>D\u00e9couvrez l\u2019ensemble des actions propos\u00e9es par le Centre Social et Culturel Bourgogne. Nous accompagnons les habitants \u00e0 tous les \u00e2ges de la vie \u00e0 travers des animations, des ateliers et des projets collectifs.<\/p>\t\t\t\t\t\t\t\t<\/div>\n\t\t\t\t<\/div>\n\t\t\t\t\t<\/div>\n\t\t<\/div>\n\t\t\t\t\t<\/div>\n\t\t<\/section>\n\t\t\t\t<section class=\"elementor-section elementor-top-section elementor-element elementor-element-3a7cdfc elementor-section-boxed elementor-section-height-default elementor-section-height-default\" data-id=\"3a7cdfc\" data-element_type=\"section\" data-e-type=\"section\" data-settings=\"{&quot;background_background&quot;:&quot;classic&quot;}\">\n\t\t\t\t\t\t<div class=\"elementor-container elementor-column-gap-default\">\n\t\t\t\t\t<div class=\"elementor-column elementor-col-16 elementor-top-column elementor-element elementor-element-98e2ae5\" data-id=\"98e2ae5\" data-element_type=\"column\" data-e-type=\"column\">\n\t\t\t<div class=\"elementor-widget-wrap elementor-element-populated\">\n\t\t\t\t\t\t<div class=\"elementor-element elementor-element-8fbcd25 elementor-view-default elementor-widget elementor-widget-icon\" data-id=\"8fbcd25\" data-element_type=\"widget\" data-e-type=\"widget\" data-widget_type=\"icon.default\">\n\t\t\t\t<div class=\"elementor-widget-container\">\n\t\t\t\t\t\t\t<div class=\"elementor-icon-wrapper\">\n\t\t\t<div class=\"elementor-icon\">\n\t\t\t<i aria-hidden=\"true\" class=\"fas fa-baby\"><\/i>\t\t\t<\/div>\n\t\t<\/div>\n\t\t\t\t\t\t<\/div>\n\t\t\t\t<\/div>\n\t\t\t\t<div class=\"elementor-element elementor-element-8954c93 elementor-widget elementor-widget-heading\" data-id=\"8954c93\" data-element_type=\"widget\" data-e-type=\"widget\" data-widget_type=\"heading.default\">\n\t\t\t\t<div class=\"elementor-widget-container\">\n\t\t\t\t\t<h5 class=\"elementor-heading-title elementor-size-default\">Petite cr\u00e8che<\/h5>\t\t\t\t<\/div>\n\t\t\t\t<\/div>\n\t\t\t\t<div class=\"elementor-element elementor-element-8741410 elementor-align-center elementor-widget elementor-widget-button\" data-id=\"8741410\" data-element_type=\"widget\" data-e-type=\"widget\" data-widget_type=\"button.default\">\n\t\t\t\t<div class=\"elementor-widget-container\">\n\t\t\t\t\t\t\t\t\t<div class=\"elementor-button-wrapper\">\n\t\t\t\t\t<a class=\"elementor-button elementor-button-link elementor-size-sm\" href=\"https:\/\/csbpn.org\/index.php\/petite-creche-lenvol\/\">\n\t\t\t\t\t\t<span class=\"elementor-button-content-wrapper\">\n\t\t\t\t\t\t\t\t\t<span class=\"elementor-button-text\">En savoir plus<\/span>\n\t\t\t\t\t<\/span>\n\t\t\t\t\t<\/a>\n\t\t\t\t<\/div>\n\t\t\t\t\t\t\t\t<\/div>\n\t\t\t\t<\/div>\n\t\t\t\t\t<\/div>\n\t\t<\/div>\n\t\t\t\t<div class=\"elementor-column elementor-col-16 elementor-top-column elementor-element elementor-element-db6b05a\" data-id=\"db6b05a\" data-element_type=\"column\" data-e-type=\"column\">\n\t\t\t<div class=\"elementor-widget-wrap elementor-element-populated\">\n\t\t\t\t\t\t<div class=\"elementor-element elementor-element-cd5afb2 elementor-view-default elementor-widget elementor-widget-icon\" data-id=\"cd5afb2\" data-element_type=\"widget\" data-e-type=\"widget\" data-widget_type=\"icon.default\">\n\t\t\t\t<div class=\"elementor-widget-container\">\n\t\t\t\t\t\t\t<div class=\"elementor-icon-wrapper\">\n\t\t\t<div class=\"elementor-icon\">\n\t\t\t<i aria-hidden=\"true\" class=\"fas fa-paint-brush\"><\/i>\t\t\t<\/div>\n\t\t<\/div>\n\t\t\t\t\t\t<\/div>\n\t\t\t\t<\/div>\n\t\t\t\t<div class=\"elementor-element elementor-element-88cad93 elementor-widget elementor-widget-heading\" data-id=\"88cad93\" data-element_type=\"widget\" data-e-type=\"widget\" data-widget_type=\"heading.default\">\n\t\t\t\t<div class=\"elementor-widget-container\">\n\t\t\t\t\t<h5 class=\"elementor-heading-title elementor-size-default\">Enfance <\/h5>\t\t\t\t<\/div>\n\t\t\t\t<\/div>\n\t\t\t\t<div class=\"elementor-element elementor-element-9318dba elementor-align-center elementor-widget elementor-widget-button\" data-id=\"9318dba\" data-element_type=\"widget\" data-e-type=\"widget\" data-widget_type=\"button.default\">\n\t\t\t\t<div class=\"elementor-widget-container\">\n\t\t\t\t\t\t\t\t\t<div class=\"elementor-button-wrapper\">\n\t\t\t\t\t<a class=\"elementor-button elementor-button-link elementor-size-sm\" href=\"https:\/\/csbpn.org\/index.php\/enfance\/\">\n\t\t\t\t\t\t<span class=\"elementor-button-content-wrapper\">\n\t\t\t\t\t\t\t\t\t<span class=\"elementor-button-text\">En savoir plus<\/span>\n\t\t\t\t\t<\/span>\n\t\t\t\t\t<\/a>\n\t\t\t\t<\/div>\n\t\t\t\t\t\t\t\t<\/div>\n\t\t\t\t<\/div>\n\t\t\t\t\t<\/div>\n\t\t<\/div>\n\t\t\t\t<div class=\"elementor-column elementor-col-16 elementor-top-column elementor-element elementor-element-4867f4a\" data-id=\"4867f4a\" data-element_type=\"column\" data-e-type=\"column\">\n\t\t\t<div class=\"elementor-widget-wrap elementor-element-populated\">\n\t\t\t\t\t\t<div class=\"elementor-element elementor-element-6b89b56 elementor-view-default elementor-widget elementor-widget-icon\" data-id=\"6b89b56\" data-element_type=\"widget\" data-e-type=\"widget\" data-widget_type=\"icon.default\">\n\t\t\t\t<div class=\"elementor-widget-container\">\n\t\t\t\t\t\t\t<div class=\"elementor-icon-wrapper\">\n\t\t\t<div class=\"elementor-icon\">\n\t\t\t<i aria-hidden=\"true\" class=\"fas fa-puzzle-piece\"><\/i>\t\t\t<\/div>\n\t\t<\/div>\n\t\t\t\t\t\t<\/div>\n\t\t\t\t<\/div>\n\t\t\t\t<div class=\"elementor-element elementor-element-17ebe06 elementor-widget elementor-widget-heading\" data-id=\"17ebe06\" data-element_type=\"widget\" data-e-type=\"widget\" data-widget_type=\"heading.default\">\n\t\t\t\t<div class=\"elementor-widget-container\">\n\t\t\t\t\t<h5 class=\"elementor-heading-title elementor-size-default\">Jeunesse<\/h5>\t\t\t\t<\/div>\n\t\t\t\t<\/div>\n\t\t\t\t<div class=\"elementor-element elementor-element-83ff1ff elementor-align-center elementor-widget elementor-widget-button\" data-id=\"83ff1ff\" data-element_type=\"widget\" data-e-type=\"widget\" data-widget_type=\"button.default\">\n\t\t\t\t<div class=\"elementor-widget-container\">\n\t\t\t\t\t\t\t\t\t<div class=\"elementor-button-wrapper\">\n\t\t\t\t\t<a class=\"elementor-button elementor-button-link elementor-size-sm\" href=\"https:\/\/csbpn.org\/index.php\/jeunesse\/\">\n\t\t\t\t\t\t<span class=\"elementor-button-content-wrapper\">\n\t\t\t\t\t\t\t\t\t<span class=\"elementor-button-text\">En savoir plus<\/span>\n\t\t\t\t\t<\/span>\n\t\t\t\t\t<\/a>\n\t\t\t\t<\/div>\n\t\t\t\t\t\t\t\t<\/div>\n\t\t\t\t<\/div>\n\t\t\t\t\t<\/div>\n\t\t<\/div>\n\t\t\t\t<div class=\"elementor-column elementor-col-16 elementor-top-column elementor-element elementor-element-47157da\" data-id=\"47157da\" data-element_type=\"column\" data-e-type=\"column\">\n\t\t\t<div class=\"elementor-widget-wrap elementor-element-populated\">\n\t\t\t\t\t\t<div class=\"elementor-element elementor-element-d3311c2 elementor-view-default elementor-widget elementor-widget-icon\" data-id=\"d3311c2\" data-element_type=\"widget\" data-e-type=\"widget\" data-widget_type=\"icon.default\">\n\t\t\t\t<div class=\"elementor-widget-container\">\n\t\t\t\t\t\t\t<div class=\"elementor-icon-wrapper\">\n\t\t\t<div class=\"elementor-icon\">\n\t\t\t<i aria-hidden=\"true\" class=\"fas fa-people-carry\"><\/i>\t\t\t<\/div>\n\t\t<\/div>\n\t\t\t\t\t\t<\/div>\n\t\t\t\t<\/div>\n\t\t\t\t<div class=\"elementor-element elementor-element-6800f7f elementor-widget elementor-widget-heading\" data-id=\"6800f7f\" data-element_type=\"widget\" data-e-type=\"widget\" data-widget_type=\"heading.default\">\n\t\t\t\t<div class=\"elementor-widget-container\">\n\t\t\t\t\t<h5 class=\"elementor-heading-title elementor-size-default\">Animation Collective Famille <\/h5>\t\t\t\t<\/div>\n\t\t\t\t<\/div>\n\t\t\t\t<div class=\"elementor-element elementor-element-68027da elementor-align-center elementor-widget elementor-widget-button\" data-id=\"68027da\" data-element_type=\"widget\" data-e-type=\"widget\" data-widget_type=\"button.default\">\n\t\t\t\t<div class=\"elementor-widget-container\">\n\t\t\t\t\t\t\t\t\t<div class=\"elementor-button-wrapper\">\n\t\t\t\t\t<a class=\"elementor-button elementor-button-link elementor-size-sm\" href=\"https:\/\/csbpn.org\/index.php\/elementor-2242\/\">\n\t\t\t\t\t\t<span class=\"elementor-button-content-wrapper\">\n\t\t\t\t\t\t\t\t\t<span class=\"elementor-button-text\">En savoir plus<\/span>\n\t\t\t\t\t<\/span>\n\t\t\t\t\t<\/a>\n\t\t\t\t<\/div>\n\t\t\t\t\t\t\t\t<\/div>\n\t\t\t\t<\/div>\n\t\t\t\t\t<\/div>\n\t\t<\/div>\n\t\t\t\t<div class=\"elementor-column elementor-col-16 elementor-top-column elementor-element elementor-element-8790030\" data-id=\"8790030\" data-element_type=\"column\" data-e-type=\"column\">\n\t\t\t<div class=\"elementor-widget-wrap elementor-element-populated\">\n\t\t\t\t\t\t<div class=\"elementor-element elementor-element-17731bf elementor-view-default elementor-widget elementor-widget-icon\" data-id=\"17731bf\" data-element_type=\"widget\" data-e-type=\"widget\" data-widget_type=\"icon.default\">\n\t\t\t\t<div class=\"elementor-widget-container\">\n\t\t\t\t\t\t\t<div class=\"elementor-icon-wrapper\">\n\t\t\t<div class=\"elementor-icon\">\n\t\t\t<i aria-hidden=\"true\" class=\"fas fa-briefcase\"><\/i>\t\t\t<\/div>\n\t\t<\/div>\n\t\t\t\t\t\t<\/div>\n\t\t\t\t<\/div>\n\t\t\t\t<div class=\"elementor-element elementor-element-c5d74aa elementor-widget elementor-widget-heading\" data-id=\"c5d74aa\" data-element_type=\"widget\" data-e-type=\"widget\" data-widget_type=\"heading.default\">\n\t\t\t\t<div class=\"elementor-widget-container\">\n\t\t\t\t\t<h5 class=\"elementor-heading-title elementor-size-default\">Insertion socio-professionnelle<\/h5>\t\t\t\t<\/div>\n\t\t\t\t<\/div>\n\t\t\t\t<div class=\"elementor-element elementor-element-345557c elementor-align-center elementor-widget elementor-widget-button\" data-id=\"345557c\" data-element_type=\"widget\" data-e-type=\"widget\" data-widget_type=\"button.default\">\n\t\t\t\t<div class=\"elementor-widget-container\">\n\t\t\t\t\t\t\t\t\t<div class=\"elementor-button-wrapper\">\n\t\t\t\t\t<a class=\"elementor-button elementor-button-link elementor-size-sm\" href=\"https:\/\/csbpn.org\/index.php\/insertion-sociale-et-professionnelle2\/\">\n\t\t\t\t\t\t<span class=\"elementor-button-content-wrapper\">\n\t\t\t\t\t\t\t\t\t<span class=\"elementor-button-text\">En savoir plus<\/span>\n\t\t\t\t\t<\/span>\n\t\t\t\t\t<\/a>\n\t\t\t\t<\/div>\n\t\t\t\t\t\t\t\t<\/div>\n\t\t\t\t<\/div>\n\t\t\t\t\t<\/div>\n\t\t<\/div>\n\t\t\t\t<div class=\"elementor-column elementor-col-16 elementor-top-column elementor-element elementor-element-c7cad06\" data-id=\"c7cad06\" data-element_type=\"column\" data-e-type=\"column\">\n\t\t\t<div class=\"elementor-widget-wrap elementor-element-populated\">\n\t\t\t\t\t\t<div class=\"elementor-element elementor-element-2c22a9b elementor-view-default elementor-widget elementor-widget-icon\" data-id=\"2c22a9b\" data-element_type=\"widget\" data-e-type=\"widget\" data-widget_type=\"icon.default\">\n\t\t\t\t<div class=\"elementor-widget-container\">\n\t\t\t\t\t\t\t<div class=\"elementor-icon-wrapper\">\n\t\t\t<div class=\"elementor-icon\">\n\t\t\t<i aria-hidden=\"true\" class=\"fas fa-theater-masks\"><\/i>\t\t\t<\/div>\n\t\t<\/div>\n\t\t\t\t\t\t<\/div>\n\t\t\t\t<\/div>\n\t\t\t\t<div class=\"elementor-element elementor-element-e95e700 elementor-widget elementor-widget-heading\" data-id=\"e95e700\" data-element_type=\"widget\" data-e-type=\"widget\" data-widget_type=\"heading.default\">\n\t\t\t\t<div class=\"elementor-widget-container\">\n\t\t\t\t\t<h5 class=\"elementor-heading-title elementor-size-default\">Culture &amp; vie de quartier<\/h5>\t\t\t\t<\/div>\n\t\t\t\t<\/div>\n\t\t\t\t<div class=\"elementor-element elementor-element-7d68517 elementor-align-center elementor-widget elementor-widget-button\" data-id=\"7d68517\" data-element_type=\"widget\" data-e-type=\"widget\" data-widget_type=\"button.default\">\n\t\t\t\t<div class=\"elementor-widget-container\">\n\t\t\t\t\t\t\t\t\t<div class=\"elementor-button-wrapper\">\n\t\t\t\t\t<a class=\"elementor-button elementor-button-link elementor-size-sm\" href=\"https:\/\/csbpn.org\/index.php\/culture-et-vie-de-quartier\/\">\n\t\t\t\t\t\t<span class=\"elementor-button-content-wrapper\">\n\t\t\t\t\t\t\t\t\t<span class=\"elementor-button-text\">En savoir plus<\/span>\n\t\t\t\t\t<\/span>\n\t\t\t\t\t<\/a>\n\t\t\t\t<\/div>\n\t\t\t\t\t\t\t\t<\/div>\n\t\t\t\t<\/div>\n\t\t\t\t\t<\/div>\n\t\t<\/div>\n\t\t\t\t\t<\/div>\n\t\t<\/section>\n\t\t\t\t<section class=\"elementor-section elementor-top-section elementor-element elementor-element-fdf11be elementor-section-boxed elementor-section-height-default elementor-section-height-default\" data-id=\"fdf11be\" data-element_type=\"section\" data-e-type=\"section\">\n\t\t\t\t\t\t<div class=\"elementor-container elementor-column-gap-default\">\n\t\t\t\t\t<div class=\"elementor-column elementor-col-100 elementor-top-column elementor-element elementor-element-2acd9ec\" data-id=\"2acd9ec\" data-element_type=\"column\" data-e-type=\"column\">\n\t\t\t<div class=\"elementor-widget-wrap elementor-element-populated\">\n\t\t\t\t\t\t<div class=\"elementor-element elementor-element-d645ea0 elementor-align-center elementor-widget elementor-widget-button\" data-id=\"d645ea0\" data-element_type=\"widget\" data-e-type=\"widget\" data-widget_type=\"button.default\">\n\t\t\t\t<div class=\"elementor-widget-container\">\n\t\t\t\t\t\t\t\t\t<div class=\"elementor-button-wrapper\">\n\t\t\t\t\t<a class=\"elementor-button elementor-button-link elementor-size-sm\" href=\"https:\/\/csbpn.org\/index.php\/nous-contacter\/\" target=\"_blank\">\n\t\t\t\t\t\t<span class=\"elementor-button-content-wrapper\">\n\t\t\t\t\t\t\t\t\t<span class=\"elementor-button-text\">Nous contacter<\/span>\n\t\t\t\t\t<\/span>\n\t\t\t\t\t<\/a>\n\t\t\t\t<\/div>\n\t\t\t\t\t\t\t\t<\/div>\n\t\t\t\t<\/div>\n\t\t\t\t\t<\/div>\n\t\t<\/div>\n\t\t\t\t\t<\/div>\n\t\t<\/section>\n\t\t\t\t<\/div>\n\t\t","protected":false},"excerpt":{"rendered":"<p>activit\u00e9s et services D\u00e9couvrez l\u2019ensemble des actions propos\u00e9es par le Centre Social et Culturel Bourgogne. Nous accompagnons les habitants \u00e0 tous les \u00e2ges de la vie \u00e0 travers des animations, des ateliers et des projets collectifs. Petite cr\u00e8che En savoir plus Enfance En savoir plus Jeunesse En savoir plus Animation Collective Famille En savoir plus [&hellip;]<\/p>\n","protected":false},"author":4,"featured_media":0,"parent":0,"menu_order":0,"comment_status":"closed","ping_status":"closed","template":"elementor_header_footer","meta":{"footnotes":""},"class_list":["post-683","page","type-page","status-publish","hentry"],"yoast_head":"<!-- This site is optimized with the Yoast SEO plugin v27.0 - https:\/\/yoast.com\/product\/yoast-seo-wordpress\/ -->\n<title>Nos activit\u00e9s &amp; services - Centre Social et Culturel Bourgogne<\/title>\n<meta name=\"description\" content=\"Retrouvez les diff\u00e9rents Secteurs d&#039;activit\u00e9 qui constituent votre Centre Social Bourgogne - Pont de Neuville.\" \/>\n<meta name=\"robots\" content=\"index, follow, max-snippet:-1, max-image-preview:large, max-video-preview:-1\" \/>\n<link rel=\"canonical\" href=\"https:\/\/csbpn.org\/index.php\/secteurs-dactivite\/\" \/>\n<meta property=\"og:locale\" content=\"fr_FR\" \/>\n<meta property=\"og:type\" content=\"article\" \/>\n<meta property=\"og:title\" content=\"Nos activit\u00e9s &amp; services - Centre Social et Culturel Bourgogne\" \/>\n<meta property=\"og:description\" content=\"Retrouvez les diff\u00e9rents Secteurs d&#039;activit\u00e9 qui constituent votre Centre Social Bourgogne - Pont de Neuville.\" \/>\n<meta property=\"og:url\" content=\"https:\/\/csbpn.org\/index.php\/secteurs-dactivite\/\" \/>\n<meta property=\"og:site_name\" content=\"Centre Social et Culturel Bourgogne\" \/>\n<meta property=\"article:modified_time\" content=\"2025-12-29T14:27:43+00:00\" \/>\n<meta name=\"twitter:card\" content=\"summary_large_image\" \/>\n<meta name=\"twitter:label1\" content=\"Dur\u00e9e de lecture estim\u00e9e\" \/>\n\t<meta name=\"twitter:data1\" content=\"1 minute\" \/>\n<script type=\"application\/ld+json\" class=\"yoast-schema-graph\">{\"@context\":\"https:\/\/schema.org\",\"@graph\":[{\"@type\":\"WebPage\",\"@id\":\"https:\/\/csbpn.org\/index.php\/secteurs-dactivite\/\",\"url\":\"https:\/\/csbpn.org\/index.php\/secteurs-dactivite\/\",\"name\":\"Nos activit\u00e9s &amp; services - Centre Social et Culturel Bourgogne\",\"isPartOf\":{\"@id\":\"https:\/\/csbpn.org\/#website\"},\"datePublished\":\"2021-03-22T15:13:56+00:00\",\"dateModified\":\"2025-12-29T14:27:43+00:00\",\"description\":\"Retrouvez les diff\u00e9rents Secteurs d'activit\u00e9 qui constituent votre Centre Social Bourgogne - Pont de Neuville.\",\"breadcrumb\":{\"@id\":\"https:\/\/csbpn.org\/index.php\/secteurs-dactivite\/#breadcrumb\"},\"inLanguage\":\"fr-FR\",\"potentialAction\":[{\"@type\":\"ReadAction\",\"target\":[\"https:\/\/csbpn.org\/index.php\/secteurs-dactivite\/\"]}]},{\"@type\":\"BreadcrumbList\",\"@id\":\"https:\/\/csbpn.org\/index.php\/secteurs-dactivite\/#breadcrumb\",\"itemListElement\":[{\"@type\":\"ListItem\",\"position\":1,\"name\":\"Home\",\"item\":\"https:\/\/csbpn.org\/\"},{\"@type\":\"ListItem\",\"position\":2,\"name\":\"Nos activit\u00e9s &amp; services\"}]},{\"@type\":\"WebSite\",\"@id\":\"https:\/\/csbpn.org\/#website\",\"url\":\"https:\/\/csbpn.org\/\",\"name\":\"Centre Social et Culturel Bourgogne\",\"description\":\"Cr\u00e9ons des liens, b\u00e2tissons l&#039;avenir ensemble\",\"publisher\":{\"@id\":\"https:\/\/csbpn.org\/#organization\"},\"potentialAction\":[{\"@type\":\"SearchAction\",\"target\":{\"@type\":\"EntryPoint\",\"urlTemplate\":\"https:\/\/csbpn.org\/?s={search_term_string}\"},\"query-input\":{\"@type\":\"PropertyValueSpecification\",\"valueRequired\":true,\"valueName\":\"search_term_string\"}}],\"inLanguage\":\"fr-FR\"},{\"@type\":\"Organization\",\"@id\":\"https:\/\/csbpn.org\/#organization\",\"name\":\"Centre Social et Culturel Bourgogne\",\"url\":\"https:\/\/csbpn.org\/\",\"logo\":{\"@type\":\"ImageObject\",\"inLanguage\":\"fr-FR\",\"@id\":\"https:\/\/csbpn.org\/#\/schema\/logo\/image\/\",\"url\":\"https:\/\/csbpn.org\/wp-content\/uploads\/2025\/10\/cropped-LOGO-8.png\",\"contentUrl\":\"https:\/\/csbpn.org\/wp-content\/uploads\/2025\/10\/cropped-LOGO-8.png\",\"width\":500,\"height\":394,\"caption\":\"Centre Social et Culturel Bourgogne\"},\"image\":{\"@id\":\"https:\/\/csbpn.org\/#\/schema\/logo\/image\/\"}}]}<\/script>\n<!-- \/ Yoast SEO plugin. -->","yoast_head_json":{"title":"Nos activit\u00e9s &amp; services - Centre Social et Culturel Bourgogne","description":"Retrouvez les diff\u00e9rents Secteurs d'activit\u00e9 qui constituent votre Centre Social Bourgogne - Pont de Neuville.","robots":{"index":"index","follow":"follow","max-snippet":"max-snippet:-1","max-image-preview":"max-image-preview:large","max-video-preview":"max-video-preview:-1"},"canonical":"https:\/\/csbpn.org\/index.php\/secteurs-dactivite\/","og_locale":"fr_FR","og_type":"article","og_title":"Nos activit\u00e9s &amp; services - Centre Social et Culturel Bourgogne","og_description":"Retrouvez les diff\u00e9rents Secteurs d'activit\u00e9 qui constituent votre Centre Social Bourgogne - Pont de Neuville.","og_url":"https:\/\/csbpn.org\/index.php\/secteurs-dactivite\/","og_site_name":"Centre Social et Culturel Bourgogne","article_modified_time":"2025-12-29T14:27:43+00:00","twitter_card":"summary_large_image","twitter_misc":{"Dur\u00e9e de lecture estim\u00e9e":"1 minute"},"schema":{"@context":"https:\/\/schema.org","@graph":[{"@type":"WebPage","@id":"https:\/\/csbpn.org\/index.php\/secteurs-dactivite\/","url":"https:\/\/csbpn.org\/index.php\/secteurs-dactivite\/","name":"Nos activit\u00e9s &amp; services - Centre Social et Culturel Bourgogne","isPartOf":{"@id":"https:\/\/csbpn.org\/#website"},"datePublished":"2021-03-22T15:13:56+00:00","dateModified":"2025-12-29T14:27:43+00:00","description":"Retrouvez les diff\u00e9rents Secteurs d'activit\u00e9 qui constituent votre Centre Social Bourgogne - Pont de Neuville.","breadcrumb":{"@id":"https:\/\/csbpn.org\/index.php\/secteurs-dactivite\/#breadcrumb"},"inLanguage":"fr-FR","potentialAction":[{"@type":"ReadAction","target":["https:\/\/csbpn.org\/index.php\/secteurs-dactivite\/"]}]},{"@type":"BreadcrumbList","@id":"https:\/\/csbpn.org\/index.php\/secteurs-dactivite\/#breadcrumb","itemListElement":[{"@type":"ListItem","position":1,"name":"Home","item":"https:\/\/csbpn.org\/"},{"@type":"ListItem","position":2,"name":"Nos activit\u00e9s &amp; services"}]},{"@type":"WebSite","@id":"https:\/\/csbpn.org\/#website","url":"https:\/\/csbpn.org\/","name":"Centre Social et Culturel Bourgogne","description":"Cr\u00e9ons des liens, b\u00e2tissons l&#039;avenir ensemble","publisher":{"@id":"https:\/\/csbpn.org\/#organization"},"potentialAction":[{"@type":"SearchAction","target":{"@type":"EntryPoint","urlTemplate":"https:\/\/csbpn.org\/?s={search_term_string}"},"query-input":{"@type":"PropertyValueSpecification","valueRequired":true,"valueName":"search_term_string"}}],"inLanguage":"fr-FR"},{"@type":"Organization","@id":"https:\/\/csbpn.org\/#organization","name":"Centre Social et Culturel Bourgogne","url":"https:\/\/csbpn.org\/","logo":{"@type":"ImageObject","inLanguage":"fr-FR","@id":"https:\/\/csbpn.org\/#\/schema\/logo\/image\/","url":"https:\/\/csbpn.org\/wp-content\/uploads\/2025\/10\/cropped-LOGO-8.png","contentUrl":"https:\/\/csbpn.org\/wp-content\/uploads\/2025\/10\/cropped-LOGO-8.png","width":500,"height":394,"caption":"Centre Social et Culturel Bourgogne"},"image":{"@id":"https:\/\/csbpn.org\/#\/schema\/logo\/image\/"}}]}},"_links":{"self":[{"href":"https:\/\/csbpn.org\/index.php\/wp-json\/wp\/v2\/pages\/683","targetHints":{"allow":["GET"]}}],"collection":[{"href":"https:\/\/csbpn.org\/index.php\/wp-json\/wp\/v2\/pages"}],"about":[{"href":"https:\/\/csbpn.org\/index.php\/wp-json\/wp\/v2\/types\/page"}],"author":[{"embeddable":true,"href":"https:\/\/csbpn.org\/index.php\/wp-json\/wp\/v2\/users\/4"}],"replies":[{"embeddable":true,"href":"https:\/\/csbpn.org\/index.php\/wp-json\/wp\/v2\/comments?post=683"}],"version-history":[{"count":105,"href":"https:\/\/csbpn.org\/index.php\/wp-json\/wp\/v2\/pages\/683\/revisions"}],"predecessor-version":[{"id":3060,"href":"https:\/\/csbpn.org\/index.php\/wp-json\/wp\/v2\/pages\/683\/revisions\/3060"}],"wp:attachment":[{"href":"https:\/\/csbpn.org\/index.php\/wp-json\/wp\/v2\/media?parent=683"}],"curies":[{"name":"wp","href":"https:\/\/api.w.org\/{rel}","templated":true}]}}