{"id":2969,"date":"2025-12-23T15:53:42","date_gmt":"2025-12-23T14:53:42","guid":{"rendered":"https:\/\/csbpn.org\/?page_id=2969"},"modified":"2025-12-23T15:55:44","modified_gmt":"2025-12-23T14:55:44","slug":"benevolat","status":"publish","type":"page","link":"https:\/\/csbpn.org\/index.php\/benevolat\/","title":{"rendered":"B\u00e9n\u00e9volat"},"content":{"rendered":"\t\t<div data-elementor-type=\"wp-page\" data-elementor-id=\"2969\" class=\"elementor elementor-2969\" data-elementor-post-type=\"page\">\n\t\t\t\t\t\t<section class=\"elementor-section elementor-top-section elementor-element elementor-element-71ba2463 elementor-section-height-min-height elementor-section-boxed elementor-section-height-default elementor-section-items-middle\" data-id=\"71ba2463\" data-element_type=\"section\" data-e-type=\"section\" data-settings=\"{&quot;background_background&quot;:&quot;classic&quot;}\">\n\t\t\t\t\t\t\t<div class=\"elementor-background-overlay\"><\/div>\n\t\t\t\t\t\t\t<div class=\"elementor-container elementor-column-gap-default\">\n\t\t\t\t\t<div class=\"elementor-column elementor-col-100 elementor-top-column elementor-element elementor-element-6622eda7\" data-id=\"6622eda7\" data-element_type=\"column\" data-e-type=\"column\">\n\t\t\t<div class=\"elementor-widget-wrap elementor-element-populated\">\n\t\t\t\t\t\t<div class=\"elementor-element elementor-element-7af14a31 elementor-widget elementor-widget-heading\" data-id=\"7af14a31\" data-element_type=\"widget\" data-e-type=\"widget\" data-widget_type=\"heading.default\">\n\t\t\t\t<div class=\"elementor-widget-container\">\n\t\t\t\t\t<h2 class=\"elementor-heading-title elementor-size-large\">B\u00e9n\u00e9volat<\/h2>\t\t\t\t<\/div>\n\t\t\t\t<\/div>\n\t\t\t\t<div class=\"elementor-element elementor-element-92ecd8e elementor-widget-divider--view-line elementor-widget elementor-widget-divider\" data-id=\"92ecd8e\" data-element_type=\"widget\" data-e-type=\"widget\" data-widget_type=\"divider.default\">\n\t\t\t\t<div class=\"elementor-widget-container\">\n\t\t\t\t\t\t\t<div class=\"elementor-divider\">\n\t\t\t<span class=\"elementor-divider-separator\">\n\t\t\t\t\t\t<\/span>\n\t\t<\/div>\n\t\t\t\t\t\t<\/div>\n\t\t\t\t<\/div>\n\t\t\t\t<div class=\"elementor-element elementor-element-2e3aa89b elementor-widget elementor-widget-heading\" data-id=\"2e3aa89b\" data-element_type=\"widget\" data-e-type=\"widget\" data-widget_type=\"heading.default\">\n\t\t\t\t<div class=\"elementor-widget-container\">\n\t\t\t\t\t<p class=\"elementor-heading-title elementor-size-medium\">\u00ab Cr\u00e9ons des liens, b\u00e2tissons l'avenir ensemble\u00bb\n<\/p>\t\t\t\t<\/div>\n\t\t\t\t<\/div>\n\t\t\t\t\t<\/div>\n\t\t<\/div>\n\t\t\t\t\t<\/div>\n\t\t<\/section>\n\t\t\t\t<section class=\"elementor-section elementor-top-section elementor-element elementor-element-7578ec9f elementor-section-height-min-height elementor-section-content-middle elementor-section-full_width elementor-section-height-default elementor-section-items-middle\" data-id=\"7578ec9f\" data-element_type=\"section\" data-e-type=\"section\" data-settings=\"{&quot;background_background&quot;:&quot;classic&quot;}\">\n\t\t\t\t\t\t<div class=\"elementor-container elementor-column-gap-default\">\n\t\t\t\t\t<div class=\"elementor-column elementor-col-100 elementor-top-column elementor-element elementor-element-5516ed3\" data-id=\"5516ed3\" data-element_type=\"column\" data-e-type=\"column\">\n\t\t\t<div class=\"elementor-widget-wrap elementor-element-populated\">\n\t\t\t\t\t\t<div class=\"elementor-element elementor-element-4deec17e elementor-widget-divider--view-line elementor-widget elementor-widget-divider\" data-id=\"4deec17e\" data-element_type=\"widget\" data-e-type=\"widget\" data-widget_type=\"divider.default\">\n\t\t\t\t<div class=\"elementor-widget-container\">\n\t\t\t\t\t\t\t<div class=\"elementor-divider\">\n\t\t\t<span class=\"elementor-divider-separator\">\n\t\t\t\t\t\t<\/span>\n\t\t<\/div>\n\t\t\t\t\t\t<\/div>\n\t\t\t\t<\/div>\n\t\t\t\t<div class=\"elementor-element elementor-element-1610ff7a elementor-widget elementor-widget-heading\" data-id=\"1610ff7a\" data-element_type=\"widget\" data-e-type=\"widget\" data-widget_type=\"heading.default\">\n\t\t\t\t<div class=\"elementor-widget-container\">\n\t\t\t\t\t<h3 class=\"elementor-heading-title elementor-size-large\">qu'est ce que le b\u00e9n\u00e9volat ?\n<\/h3>\t\t\t\t<\/div>\n\t\t\t\t<\/div>\n\t\t\t\t<div class=\"elementor-element elementor-element-34cc3ca3 elementor-widget elementor-widget-text-editor\" data-id=\"34cc3ca3\" data-element_type=\"widget\" data-e-type=\"widget\" data-widget_type=\"text-editor.default\">\n\t\t\t\t<div class=\"elementor-widget-container\">\n\t\t\t\t\t\t\t\t\t<p data-start=\"359\" data-end=\"615\">Le b\u00e9n\u00e9volat est un pilier essentiel de la vie du <strong data-start=\"409\" data-end=\"448\">Centre social et culturel Bourgogne<\/strong>.<br data-start=\"449\" data-end=\"452\" \/>Il repose sur l\u2019engagement volontaire d\u2019habitants qui souhaitent donner de leur temps, partager leurs comp\u00e9tences et contribuer au vivre-ensemble dans le quartier.<\/p><p data-start=\"617\" data-end=\"797\">\u00catre b\u00e9n\u00e9vole au centre social, c\u2019est participer activement \u00e0 la dynamique locale, aux c\u00f4t\u00e9s des salari\u00e9s et des partenaires, dans un esprit de solidarit\u00e9, de respect et de mixit\u00e9.<\/p><p data-start=\"1327\" data-end=\"1462\"><strong>Un engagement au service du lien social<\/strong>\u00a0<\/p><p data-start=\"848\" data-end=\"1022\">Les b\u00e9n\u00e9voles interviennent dans de nombreuses actions du centre, en fonction de leurs envies, de leurs savoir-faire et de leur disponibilit\u00e9.<br data-start=\"990\" data-end=\"993\" \/>Ils participent notamment \u00e0 :<\/p><ul data-start=\"1024\" data-end=\"1325\"><li data-start=\"1024\" data-end=\"1100\"><p data-start=\"1026\" data-end=\"1100\">des <strong data-start=\"1030\" data-end=\"1053\">ateliers collectifs<\/strong>\u00a0<\/p><\/li><li data-start=\"1101\" data-end=\"1215\"><p data-start=\"1103\" data-end=\"1215\">des <strong data-start=\"1107\" data-end=\"1143\">actions de soutien aux habitants<\/strong> (cours de fran\u00e7ais&#8230;)<\/p><\/li><li data-start=\"1216\" data-end=\"1276\"><p data-start=\"1218\" data-end=\"1276\">l\u2019animation de <strong data-start=\"1233\" data-end=\"1276\">temps conviviaux\u00a0<\/strong><\/p><\/li><li data-start=\"1277\" data-end=\"1325\"><p data-start=\"1279\" data-end=\"1325\">la vie associative et les \u00e9v\u00e9nements du centre<\/p><\/li><li data-start=\"1277\" data-end=\"1325\"><p data-start=\"1279\" data-end=\"1325\">Chaque engagement, qu\u2019il soit ponctuel ou r\u00e9gulier, contribue \u00e0 renforcer le lien social et \u00e0 favoriser l\u2019entraide entre les habitants.<\/p><\/li><\/ul>\t\t\t\t\t\t\t\t<\/div>\n\t\t\t\t<\/div>\n\t\t\t\t\t<\/div>\n\t\t<\/div>\n\t\t\t\t\t<\/div>\n\t\t<\/section>\n\t\t\t\t<section class=\"elementor-section elementor-top-section elementor-element elementor-element-407f6985 elementor-section-height-min-height elementor-section-content-middle elementor-section-full_width elementor-section-height-default elementor-section-items-middle\" data-id=\"407f6985\" data-element_type=\"section\" data-e-type=\"section\" data-settings=\"{&quot;background_background&quot;:&quot;classic&quot;}\">\n\t\t\t\t\t\t<div class=\"elementor-container elementor-column-gap-default\">\n\t\t\t\t\t<div class=\"elementor-column elementor-col-100 elementor-top-column elementor-element elementor-element-6441e590\" data-id=\"6441e590\" data-element_type=\"column\" data-e-type=\"column\">\n\t\t\t<div class=\"elementor-widget-wrap elementor-element-populated\">\n\t\t\t\t\t\t<div class=\"elementor-element elementor-element-33d92b2a elementor-widget-divider--view-line elementor-widget elementor-widget-divider\" data-id=\"33d92b2a\" data-element_type=\"widget\" data-e-type=\"widget\" data-widget_type=\"divider.default\">\n\t\t\t\t<div class=\"elementor-widget-container\">\n\t\t\t\t\t\t\t<div class=\"elementor-divider\">\n\t\t\t<span class=\"elementor-divider-separator\">\n\t\t\t\t\t\t<\/span>\n\t\t<\/div>\n\t\t\t\t\t\t<\/div>\n\t\t\t\t<\/div>\n\t\t\t\t<div class=\"elementor-element elementor-element-e61858 elementor-widget elementor-widget-heading\" data-id=\"e61858\" data-element_type=\"widget\" data-e-type=\"widget\" data-widget_type=\"heading.default\">\n\t\t\t\t<div class=\"elementor-widget-container\">\n\t\t\t\t\t<h3 class=\"elementor-heading-title elementor-size-large\">comment devenir b\u00e9n\u00e9vole ?<\/h3>\t\t\t\t<\/div>\n\t\t\t\t<\/div>\n\t\t\t\t<div class=\"elementor-element elementor-element-43cefa70 elementor-widget elementor-widget-text-editor\" data-id=\"43cefa70\" data-element_type=\"widget\" data-e-type=\"widget\" data-widget_type=\"text-editor.default\">\n\t\t\t\t<div class=\"elementor-widget-container\">\n\t\t\t\t\t\t\t\t\t<p><span style=\"font-size: 14px;\">&#8230;..<\/span><\/p>\t\t\t\t\t\t\t\t<\/div>\n\t\t\t\t<\/div>\n\t\t\t\t\t<\/div>\n\t\t<\/div>\n\t\t\t\t\t<\/div>\n\t\t<\/section>\n\t\t\t\t<section class=\"elementor-section elementor-top-section elementor-element elementor-element-37124bd0 elementor-section-height-min-height elementor-section-content-middle elementor-section-full_width elementor-section-height-default elementor-section-items-middle\" data-id=\"37124bd0\" data-element_type=\"section\" data-e-type=\"section\" data-settings=\"{&quot;background_background&quot;:&quot;classic&quot;}\">\n\t\t\t\t\t\t<div class=\"elementor-container elementor-column-gap-default\">\n\t\t\t\t\t<div class=\"elementor-column elementor-col-100 elementor-top-column elementor-element elementor-element-6466d319\" data-id=\"6466d319\" data-element_type=\"column\" data-e-type=\"column\">\n\t\t\t<div class=\"elementor-widget-wrap elementor-element-populated\">\n\t\t\t\t\t\t<div class=\"elementor-element elementor-element-19dd90 elementor-widget-divider--view-line elementor-widget elementor-widget-divider\" data-id=\"19dd90\" data-element_type=\"widget\" data-e-type=\"widget\" data-widget_type=\"divider.default\">\n\t\t\t\t<div class=\"elementor-widget-container\">\n\t\t\t\t\t\t\t<div class=\"elementor-divider\">\n\t\t\t<span class=\"elementor-divider-separator\">\n\t\t\t\t\t\t<\/span>\n\t\t<\/div>\n\t\t\t\t\t\t<\/div>\n\t\t\t\t<\/div>\n\t\t\t\t<div class=\"elementor-element elementor-element-3f472d20 elementor-widget elementor-widget-heading\" data-id=\"3f472d20\" data-element_type=\"widget\" data-e-type=\"widget\" data-widget_type=\"heading.default\">\n\t\t\t\t<div class=\"elementor-widget-container\">\n\t\t\t\t\t<h3 class=\"elementor-heading-title elementor-size-large\">les activit\u00e9s b\u00e9n\u00e9voles<\/h3>\t\t\t\t<\/div>\n\t\t\t\t<\/div>\n\t\t\t\t<div class=\"elementor-element elementor-element-68024ba7 elementor-widget elementor-widget-text-editor\" data-id=\"68024ba7\" data-element_type=\"widget\" data-e-type=\"widget\" data-widget_type=\"text-editor.default\">\n\t\t\t\t<div class=\"elementor-widget-container\">\n\t\t\t\t\t\t\t\t\t<p>&#8230;<\/p><p>\u00a0<\/p>\t\t\t\t\t\t\t\t<\/div>\n\t\t\t\t<\/div>\n\t\t\t\t\t<\/div>\n\t\t<\/div>\n\t\t\t\t\t<\/div>\n\t\t<\/section>\n\t\t\t\t<\/div>\n\t\t","protected":false},"excerpt":{"rendered":"<p>B\u00e9n\u00e9volat \u00ab Cr\u00e9ons des liens, b\u00e2tissons l&rsquo;avenir ensemble\u00bb qu&rsquo;est ce que le b\u00e9n\u00e9volat ? Le b\u00e9n\u00e9volat est un pilier essentiel de la vie du Centre social et culturel Bourgogne.Il repose sur l\u2019engagement volontaire d\u2019habitants qui souhaitent donner de leur temps, partager leurs comp\u00e9tences et contribuer au vivre-ensemble dans le quartier. \u00catre b\u00e9n\u00e9vole au centre social, [&hellip;]<\/p>\n","protected":false},"author":5,"featured_media":0,"parent":0,"menu_order":0,"comment_status":"closed","ping_status":"closed","template":"elementor_header_footer","meta":{"footnotes":""},"class_list":["post-2969","page","type-page","status-publish","hentry"],"yoast_head":"<!-- This site is optimized with the Yoast SEO plugin v27.0 - https:\/\/yoast.com\/product\/yoast-seo-wordpress\/ -->\n<title>B\u00e9n\u00e9volat - Centre Social et Culturel Bourgogne<\/title>\n<meta name=\"robots\" content=\"index, follow, max-snippet:-1, max-image-preview:large, max-video-preview:-1\" \/>\n<link rel=\"canonical\" href=\"https:\/\/csbpn.org\/index.php\/benevolat\/\" \/>\n<meta property=\"og:locale\" content=\"fr_FR\" \/>\n<meta property=\"og:type\" content=\"article\" \/>\n<meta property=\"og:title\" content=\"B\u00e9n\u00e9volat - Centre Social et Culturel Bourgogne\" \/>\n<meta property=\"og:description\" content=\"B\u00e9n\u00e9volat \u00ab Cr\u00e9ons des liens, b\u00e2tissons l&rsquo;avenir ensemble\u00bb qu&rsquo;est ce que le b\u00e9n\u00e9volat ? Le b\u00e9n\u00e9volat est un pilier essentiel de la vie du Centre social et culturel Bourgogne.Il repose sur l\u2019engagement volontaire d\u2019habitants qui souhaitent donner de leur temps, partager leurs comp\u00e9tences et contribuer au vivre-ensemble dans le quartier. \u00catre b\u00e9n\u00e9vole au centre social, [&hellip;]\" \/>\n<meta property=\"og:url\" content=\"https:\/\/csbpn.org\/index.php\/benevolat\/\" \/>\n<meta property=\"og:site_name\" content=\"Centre Social et Culturel Bourgogne\" \/>\n<meta property=\"article:modified_time\" content=\"2025-12-23T14:55:44+00:00\" \/>\n<meta name=\"twitter:card\" content=\"summary_large_image\" \/>\n<meta name=\"twitter:label1\" content=\"Dur\u00e9e de lecture estim\u00e9e\" \/>\n\t<meta name=\"twitter:data1\" content=\"1 minute\" \/>\n<script type=\"application\/ld+json\" class=\"yoast-schema-graph\">{\"@context\":\"https:\/\/schema.org\",\"@graph\":[{\"@type\":\"WebPage\",\"@id\":\"https:\/\/csbpn.org\/index.php\/benevolat\/\",\"url\":\"https:\/\/csbpn.org\/index.php\/benevolat\/\",\"name\":\"B\u00e9n\u00e9volat - Centre Social et Culturel Bourgogne\",\"isPartOf\":{\"@id\":\"https:\/\/csbpn.org\/#website\"},\"datePublished\":\"2025-12-23T14:53:42+00:00\",\"dateModified\":\"2025-12-23T14:55:44+00:00\",\"breadcrumb\":{\"@id\":\"https:\/\/csbpn.org\/index.php\/benevolat\/#breadcrumb\"},\"inLanguage\":\"fr-FR\",\"potentialAction\":[{\"@type\":\"ReadAction\",\"target\":[\"https:\/\/csbpn.org\/index.php\/benevolat\/\"]}]},{\"@type\":\"BreadcrumbList\",\"@id\":\"https:\/\/csbpn.org\/index.php\/benevolat\/#breadcrumb\",\"itemListElement\":[{\"@type\":\"ListItem\",\"position\":1,\"name\":\"Home\",\"item\":\"https:\/\/csbpn.org\/\"},{\"@type\":\"ListItem\",\"position\":2,\"name\":\"B\u00e9n\u00e9volat\"}]},{\"@type\":\"WebSite\",\"@id\":\"https:\/\/csbpn.org\/#website\",\"url\":\"https:\/\/csbpn.org\/\",\"name\":\"Centre Social et Culturel Bourgogne\",\"description\":\"Cr\u00e9ons des liens, b\u00e2tissons l&#039;avenir ensemble\",\"publisher\":{\"@id\":\"https:\/\/csbpn.org\/#organization\"},\"potentialAction\":[{\"@type\":\"SearchAction\",\"target\":{\"@type\":\"EntryPoint\",\"urlTemplate\":\"https:\/\/csbpn.org\/?s={search_term_string}\"},\"query-input\":{\"@type\":\"PropertyValueSpecification\",\"valueRequired\":true,\"valueName\":\"search_term_string\"}}],\"inLanguage\":\"fr-FR\"},{\"@type\":\"Organization\",\"@id\":\"https:\/\/csbpn.org\/#organization\",\"name\":\"Centre Social et Culturel Bourgogne\",\"url\":\"https:\/\/csbpn.org\/\",\"logo\":{\"@type\":\"ImageObject\",\"inLanguage\":\"fr-FR\",\"@id\":\"https:\/\/csbpn.org\/#\/schema\/logo\/image\/\",\"url\":\"https:\/\/csbpn.org\/wp-content\/uploads\/2025\/10\/cropped-LOGO-8.png\",\"contentUrl\":\"https:\/\/csbpn.org\/wp-content\/uploads\/2025\/10\/cropped-LOGO-8.png\",\"width\":500,\"height\":394,\"caption\":\"Centre Social et Culturel Bourgogne\"},\"image\":{\"@id\":\"https:\/\/csbpn.org\/#\/schema\/logo\/image\/\"}}]}<\/script>\n<!-- \/ Yoast SEO plugin. -->","yoast_head_json":{"title":"B\u00e9n\u00e9volat - Centre Social et Culturel Bourgogne","robots":{"index":"index","follow":"follow","max-snippet":"max-snippet:-1","max-image-preview":"max-image-preview:large","max-video-preview":"max-video-preview:-1"},"canonical":"https:\/\/csbpn.org\/index.php\/benevolat\/","og_locale":"fr_FR","og_type":"article","og_title":"B\u00e9n\u00e9volat - Centre Social et Culturel Bourgogne","og_description":"B\u00e9n\u00e9volat \u00ab Cr\u00e9ons des liens, b\u00e2tissons l&rsquo;avenir ensemble\u00bb qu&rsquo;est ce que le b\u00e9n\u00e9volat ? Le b\u00e9n\u00e9volat est un pilier essentiel de la vie du Centre social et culturel Bourgogne.Il repose sur l\u2019engagement volontaire d\u2019habitants qui souhaitent donner de leur temps, partager leurs comp\u00e9tences et contribuer au vivre-ensemble dans le quartier. \u00catre b\u00e9n\u00e9vole au centre social, [&hellip;]","og_url":"https:\/\/csbpn.org\/index.php\/benevolat\/","og_site_name":"Centre Social et Culturel Bourgogne","article_modified_time":"2025-12-23T14:55:44+00:00","twitter_card":"summary_large_image","twitter_misc":{"Dur\u00e9e de lecture estim\u00e9e":"1 minute"},"schema":{"@context":"https:\/\/schema.org","@graph":[{"@type":"WebPage","@id":"https:\/\/csbpn.org\/index.php\/benevolat\/","url":"https:\/\/csbpn.org\/index.php\/benevolat\/","name":"B\u00e9n\u00e9volat - Centre Social et Culturel Bourgogne","isPartOf":{"@id":"https:\/\/csbpn.org\/#website"},"datePublished":"2025-12-23T14:53:42+00:00","dateModified":"2025-12-23T14:55:44+00:00","breadcrumb":{"@id":"https:\/\/csbpn.org\/index.php\/benevolat\/#breadcrumb"},"inLanguage":"fr-FR","potentialAction":[{"@type":"ReadAction","target":["https:\/\/csbpn.org\/index.php\/benevolat\/"]}]},{"@type":"BreadcrumbList","@id":"https:\/\/csbpn.org\/index.php\/benevolat\/#breadcrumb","itemListElement":[{"@type":"ListItem","position":1,"name":"Home","item":"https:\/\/csbpn.org\/"},{"@type":"ListItem","position":2,"name":"B\u00e9n\u00e9volat"}]},{"@type":"WebSite","@id":"https:\/\/csbpn.org\/#website","url":"https:\/\/csbpn.org\/","name":"Centre Social et Culturel Bourgogne","description":"Cr\u00e9ons des liens, b\u00e2tissons l&#039;avenir ensemble","publisher":{"@id":"https:\/\/csbpn.org\/#organization"},"potentialAction":[{"@type":"SearchAction","target":{"@type":"EntryPoint","urlTemplate":"https:\/\/csbpn.org\/?s={search_term_string}"},"query-input":{"@type":"PropertyValueSpecification","valueRequired":true,"valueName":"search_term_string"}}],"inLanguage":"fr-FR"},{"@type":"Organization","@id":"https:\/\/csbpn.org\/#organization","name":"Centre Social et Culturel Bourgogne","url":"https:\/\/csbpn.org\/","logo":{"@type":"ImageObject","inLanguage":"fr-FR","@id":"https:\/\/csbpn.org\/#\/schema\/logo\/image\/","url":"https:\/\/csbpn.org\/wp-content\/uploads\/2025\/10\/cropped-LOGO-8.png","contentUrl":"https:\/\/csbpn.org\/wp-content\/uploads\/2025\/10\/cropped-LOGO-8.png","width":500,"height":394,"caption":"Centre Social et Culturel Bourgogne"},"image":{"@id":"https:\/\/csbpn.org\/#\/schema\/logo\/image\/"}}]}},"_links":{"self":[{"href":"https:\/\/csbpn.org\/index.php\/wp-json\/wp\/v2\/pages\/2969","targetHints":{"allow":["GET"]}}],"collection":[{"href":"https:\/\/csbpn.org\/index.php\/wp-json\/wp\/v2\/pages"}],"about":[{"href":"https:\/\/csbpn.org\/index.php\/wp-json\/wp\/v2\/types\/page"}],"author":[{"embeddable":true,"href":"https:\/\/csbpn.org\/index.php\/wp-json\/wp\/v2\/users\/5"}],"replies":[{"embeddable":true,"href":"https:\/\/csbpn.org\/index.php\/wp-json\/wp\/v2\/comments?post=2969"}],"version-history":[{"count":4,"href":"https:\/\/csbpn.org\/index.php\/wp-json\/wp\/v2\/pages\/2969\/revisions"}],"predecessor-version":[{"id":2973,"href":"https:\/\/csbpn.org\/index.php\/wp-json\/wp\/v2\/pages\/2969\/revisions\/2973"}],"wp:attachment":[{"href":"https:\/\/csbpn.org\/index.php\/wp-json\/wp\/v2\/media?parent=2969"}],"curies":[{"name":"wp","href":"https:\/\/api.w.org\/{rel}","templated":true}]}}