{"id":2810,"date":"2025-12-18T17:26:40","date_gmt":"2025-12-18T16:26:40","guid":{"rendered":"https:\/\/csbpn.org\/?page_id=2810"},"modified":"2026-01-15T11:18:24","modified_gmt":"2026-01-15T10:18:24","slug":"equipes-3","status":"publish","type":"page","link":"https:\/\/csbpn.org\/index.php\/equipes-3\/","title":{"rendered":"\u00c9quipes"},"content":{"rendered":"\t\t<div data-elementor-type=\"wp-page\" data-elementor-id=\"2810\" class=\"elementor elementor-2810\" data-elementor-post-type=\"page\">\n\t\t\t\t\t\t<section class=\"elementor-section elementor-top-section elementor-element elementor-element-416de8ff elementor-section-height-min-height elementor-section-boxed elementor-section-height-default elementor-section-items-middle\" data-id=\"416de8ff\" data-element_type=\"section\" data-e-type=\"section\" data-settings=\"{&quot;background_background&quot;:&quot;classic&quot;}\">\n\t\t\t\t\t\t\t<div class=\"elementor-background-overlay\"><\/div>\n\t\t\t\t\t\t\t<div class=\"elementor-container elementor-column-gap-default\">\n\t\t\t\t\t<div class=\"elementor-column elementor-col-100 elementor-top-column elementor-element elementor-element-747e02b\" data-id=\"747e02b\" data-element_type=\"column\" data-e-type=\"column\">\n\t\t\t<div class=\"elementor-widget-wrap elementor-element-populated\">\n\t\t\t\t\t\t<div class=\"elementor-element elementor-element-9e6f507 elementor-widget elementor-widget-heading\" data-id=\"9e6f507\" data-element_type=\"widget\" data-e-type=\"widget\" data-widget_type=\"heading.default\">\n\t\t\t\t<div class=\"elementor-widget-container\">\n\t\t\t\t\t<h2 class=\"elementor-heading-title elementor-size-large\">les \u00e9quipes<\/h2>\t\t\t\t<\/div>\n\t\t\t\t<\/div>\n\t\t\t\t<div class=\"elementor-element elementor-element-4bc3a082 elementor-widget-divider--view-line elementor-widget elementor-widget-divider\" data-id=\"4bc3a082\" data-element_type=\"widget\" data-e-type=\"widget\" data-widget_type=\"divider.default\">\n\t\t\t\t<div class=\"elementor-widget-container\">\n\t\t\t\t\t\t\t<div class=\"elementor-divider\">\n\t\t\t<span class=\"elementor-divider-separator\">\n\t\t\t\t\t\t<\/span>\n\t\t<\/div>\n\t\t\t\t\t\t<\/div>\n\t\t\t\t<\/div>\n\t\t\t\t<div class=\"elementor-element elementor-element-5763362c elementor-widget elementor-widget-heading\" data-id=\"5763362c\" data-element_type=\"widget\" data-e-type=\"widget\" data-widget_type=\"heading.default\">\n\t\t\t\t<div class=\"elementor-widget-container\">\n\t\t\t\t\t<p class=\"elementor-heading-title elementor-size-medium\">\u00ab Le Centre social et culturel Bourgogne s\u2019appuie sur des professionnels et des b\u00e9n\u00e9voles engag\u00e9s au service des habitants. \u00bb\n<\/p>\t\t\t\t<\/div>\n\t\t\t\t<\/div>\n\t\t\t\t\t<\/div>\n\t\t<\/div>\n\t\t\t\t\t<\/div>\n\t\t<\/section>\n\t\t\t\t<section class=\"elementor-section elementor-top-section elementor-element elementor-element-8b5cd5d elementor-section-height-min-height elementor-section-content-middle elementor-section-full_width elementor-section-height-default elementor-section-items-middle\" data-id=\"8b5cd5d\" data-element_type=\"section\" data-e-type=\"section\" data-settings=\"{&quot;background_background&quot;:&quot;classic&quot;}\">\n\t\t\t\t\t\t<div class=\"elementor-container elementor-column-gap-default\">\n\t\t\t\t\t<div class=\"elementor-column elementor-col-100 elementor-top-column elementor-element elementor-element-8a48693\" data-id=\"8a48693\" data-element_type=\"column\" data-e-type=\"column\">\n\t\t\t<div class=\"elementor-widget-wrap elementor-element-populated\">\n\t\t\t\t\t\t<div class=\"elementor-element elementor-element-8adbe80 elementor-widget-divider--view-line elementor-widget elementor-widget-divider\" data-id=\"8adbe80\" data-element_type=\"widget\" data-e-type=\"widget\" data-widget_type=\"divider.default\">\n\t\t\t\t<div class=\"elementor-widget-container\">\n\t\t\t\t\t\t\t<div class=\"elementor-divider\">\n\t\t\t<span class=\"elementor-divider-separator\">\n\t\t\t\t\t\t<\/span>\n\t\t<\/div>\n\t\t\t\t\t\t<\/div>\n\t\t\t\t<\/div>\n\t\t\t\t<div class=\"elementor-element elementor-element-7f43b4f elementor-widget elementor-widget-heading\" data-id=\"7f43b4f\" data-element_type=\"widget\" data-e-type=\"widget\" data-widget_type=\"heading.default\">\n\t\t\t\t<div class=\"elementor-widget-container\">\n\t\t\t\t\t<h3 class=\"elementor-heading-title elementor-size-large\">le conseil d'administration\n<\/h3>\t\t\t\t<\/div>\n\t\t\t\t<\/div>\n\t\t\t\t<div class=\"elementor-element elementor-element-66cbb72 elementor-widget elementor-widget-text-editor\" data-id=\"66cbb72\" data-element_type=\"widget\" data-e-type=\"widget\" data-widget_type=\"text-editor.default\">\n\t\t\t\t<div class=\"elementor-widget-container\">\n\t\t\t\t\t\t\t\t\t<p>Le Conseil d\u2019administration est compos\u00e9 de b\u00e9n\u00e9voles \u00e9lus qui participent aux orientations et aux d\u00e9cisions du centre social.<\/p>\t\t\t\t\t\t\t\t<\/div>\n\t\t\t\t<\/div>\n\t\t\t\t<div class=\"elementor-element elementor-element-2d58dc6 elementor-widget elementor-widget-text-editor\" data-id=\"2d58dc6\" data-element_type=\"widget\" data-e-type=\"widget\" data-widget_type=\"text-editor.default\">\n\t\t\t\t<div class=\"elementor-widget-container\">\n\t\t\t\t\t\t\t\t\t<h4>Coll\u00e8ge \u00ab\u00a0Habitants\u00a0\u00bb<\/h4>\t\t\t\t\t\t\t\t<\/div>\n\t\t\t\t<\/div>\n\t\t\t\t<div class=\"elementor-element elementor-element-4626741 elementor-widget elementor-widget-text-editor\" data-id=\"4626741\" data-element_type=\"widget\" data-e-type=\"widget\" data-widget_type=\"text-editor.default\">\n\t\t\t\t<div class=\"elementor-widget-container\">\n\t\t\t\t\t\t\t\t\t<p>Pr\u00e9sidente : Fatima BELOUARRAK<\/p><p>Vice-pr\u00e9sidente : Christelle VANZEVEREN<\/p><p>Tr\u00e9sorier : Jean LORTHIOIR<\/p><p>Vice-tr\u00e9sori\u00e8re : Hakima BALLOU<\/p><p>Secr\u00e9taire : Hassan ALA<\/p><p>Vice-secr\u00e9taire : NEF-NAF Nassera<\/p><p>Administratrice : Nadjette ALLAG\u00a0<\/p><p><span style=\"letter-spacing: -0.27px;\">Administratrice : Oumelkhir LITIM<\/span><\/p><p><span style=\"letter-spacing: -0.27px;\">Administratrice : Rachida BOUHDIDA\u00a0<\/span><\/p><p><span style=\"letter-spacing: -0.27px;\">Administratrice : Hamida HAFID<\/span><\/p><p><span style=\"letter-spacing: -0.27px;\">Administrateur : Denis DHALLUIN\u00a0<\/span><\/p><p><span style=\"letter-spacing: -0.27px;\">Administratrice : Brigitte TOUAT\u00a0<\/span><\/p><p><span style=\"letter-spacing: -0.27px;\">Administrateur : Mehdi HANI\u00a0<\/span><\/p><p><span style=\"letter-spacing: -0.27px;\">Administrateur : Nour-Eddine KARAD<\/span><\/p>\t\t\t\t\t\t\t\t<\/div>\n\t\t\t\t<\/div>\n\t\t\t\t<div class=\"elementor-element elementor-element-b89d4da elementor-widget elementor-widget-text-editor\" data-id=\"b89d4da\" data-element_type=\"widget\" data-e-type=\"widget\" data-widget_type=\"text-editor.default\">\n\t\t\t\t<div class=\"elementor-widget-container\">\n\t\t\t\t\t\t\t\t\t<h4>Coll\u00e8ge \u00ab\u00a0Associations\u00a0\u00bb<\/h4>\t\t\t\t\t\t\t\t<\/div>\n\t\t\t\t<\/div>\n\t\t\t\t<div class=\"elementor-element elementor-element-d0c4b65 elementor-widget elementor-widget-text-editor\" data-id=\"d0c4b65\" data-element_type=\"widget\" data-e-type=\"widget\" data-widget_type=\"text-editor.default\">\n\t\t\t\t<div class=\"elementor-widget-container\">\n\t\t\t\t\t\t\t\t\t<p>Association adh\u00e9rente : Objectif Emploi<\/p><p>Association adh\u00e9rente : AAPI<\/p>\t\t\t\t\t\t\t\t<\/div>\n\t\t\t\t<\/div>\n\t\t\t\t<div class=\"elementor-element elementor-element-7acb455 elementor-widget elementor-widget-text-editor\" data-id=\"7acb455\" data-element_type=\"widget\" data-e-type=\"widget\" data-widget_type=\"text-editor.default\">\n\t\t\t\t<div class=\"elementor-widget-container\">\n\t\t\t\t\t\t\t\t\t<h4>Coll\u00e8ge \u00ab\u00a0Membres de Droit\u00a0\u00bb<\/h4>\t\t\t\t\t\t\t\t<\/div>\n\t\t\t\t<\/div>\n\t\t\t\t<div class=\"elementor-element elementor-element-ff970b4 elementor-widget elementor-widget-text-editor\" data-id=\"ff970b4\" data-element_type=\"widget\" data-e-type=\"widget\" data-widget_type=\"text-editor.default\">\n\t\t\t\t<div class=\"elementor-widget-container\">\n\t\t\t\t\t\t\t\t\t<p>Adjoint au maire : Pierrick DESPLECHIN<\/p><p>Conseill\u00e8re Municipale : Zina DAHMANI<\/p><p>Observateur CAF : ASSADI Mounir<\/p>\t\t\t\t\t\t\t\t<\/div>\n\t\t\t\t<\/div>\n\t\t\t\t\t<\/div>\n\t\t<\/div>\n\t\t\t\t\t<\/div>\n\t\t<\/section>\n\t\t\t\t<section class=\"elementor-section elementor-top-section elementor-element elementor-element-2ea4815 elementor-section-boxed elementor-section-height-default elementor-section-height-default\" data-id=\"2ea4815\" data-element_type=\"section\" data-e-type=\"section\">\n\t\t\t\t\t\t<div class=\"elementor-container elementor-column-gap-default\">\n\t\t\t\t\t<div class=\"elementor-column elementor-col-100 elementor-top-column elementor-element elementor-element-dcc7719\" data-id=\"dcc7719\" data-element_type=\"column\" data-e-type=\"column\">\n\t\t\t<div class=\"elementor-widget-wrap elementor-element-populated\">\n\t\t\t\t\t\t<div class=\"elementor-element elementor-element-2af4259 elementor-widget-divider--view-line elementor-widget elementor-widget-divider\" data-id=\"2af4259\" data-element_type=\"widget\" data-e-type=\"widget\" data-widget_type=\"divider.default\">\n\t\t\t\t<div class=\"elementor-widget-container\">\n\t\t\t\t\t\t\t<div class=\"elementor-divider\">\n\t\t\t<span class=\"elementor-divider-separator\">\n\t\t\t\t\t\t<\/span>\n\t\t<\/div>\n\t\t\t\t\t\t<\/div>\n\t\t\t\t<\/div>\n\t\t\t\t<div class=\"elementor-element elementor-element-b0e7308 elementor-widget elementor-widget-heading\" data-id=\"b0e7308\" data-element_type=\"widget\" data-e-type=\"widget\" data-widget_type=\"heading.default\">\n\t\t\t\t<div class=\"elementor-widget-container\">\n\t\t\t\t\t<h3 class=\"elementor-heading-title elementor-size-large\">Les salari\u00e9s\n<\/h3>\t\t\t\t<\/div>\n\t\t\t\t<\/div>\n\t\t\t\t\t<\/div>\n\t\t<\/div>\n\t\t\t\t\t<\/div>\n\t\t<\/section>\n\t\t\t\t<section class=\"elementor-section elementor-top-section elementor-element elementor-element-cb5667c elementor-section-boxed elementor-section-height-default elementor-section-height-default\" data-id=\"cb5667c\" data-element_type=\"section\" data-e-type=\"section\">\n\t\t\t\t\t\t<div class=\"elementor-container elementor-column-gap-default\">\n\t\t\t\t\t<div class=\"elementor-column elementor-col-100 elementor-top-column elementor-element elementor-element-962adf5\" data-id=\"962adf5\" data-element_type=\"column\" data-e-type=\"column\">\n\t\t\t<div class=\"elementor-widget-wrap elementor-element-populated\">\n\t\t\t\t\t\t<div class=\"elementor-element elementor-element-7e820a8 elementor-widget elementor-widget-image\" data-id=\"7e820a8\" data-element_type=\"widget\" data-e-type=\"widget\" data-widget_type=\"image.default\">\n\t\t\t\t<div class=\"elementor-widget-container\">\n\t\t\t\t\t\t\t\t\t\t\t\t\t\t\t<img fetchpriority=\"high\" decoding=\"async\" width=\"1134\" height=\"512\" src=\"https:\/\/csbpn.org\/wp-content\/uploads\/2025\/10\/1-1.png\" class=\"attachment-2048x2048 size-2048x2048 wp-image-2346\" alt=\"\" srcset=\"https:\/\/csbpn.org\/wp-content\/uploads\/2025\/10\/1-1.png 1134w, https:\/\/csbpn.org\/wp-content\/uploads\/2025\/10\/1-1-300x135.png 300w, https:\/\/csbpn.org\/wp-content\/uploads\/2025\/10\/1-1-1024x462.png 1024w, https:\/\/csbpn.org\/wp-content\/uploads\/2025\/10\/1-1-768x347.png 768w\" sizes=\"(max-width: 1134px) 100vw, 1134px\" \/>\t\t\t\t\t\t\t\t\t\t\t\t\t\t\t<\/div>\n\t\t\t\t<\/div>\n\t\t\t\t\t<\/div>\n\t\t<\/div>\n\t\t\t\t\t<\/div>\n\t\t<\/section>\n\t\t\t\t<\/div>\n\t\t","protected":false},"excerpt":{"rendered":"<p>les \u00e9quipes \u00ab Le Centre social et culturel Bourgogne s\u2019appuie sur des professionnels et des b\u00e9n\u00e9voles engag\u00e9s au service des habitants. \u00bb le conseil d&rsquo;administration Le Conseil d\u2019administration est compos\u00e9 de b\u00e9n\u00e9voles \u00e9lus qui participent aux orientations et aux d\u00e9cisions du centre social. Coll\u00e8ge \u00ab\u00a0Habitants\u00a0\u00bb Pr\u00e9sidente : Fatima BELOUARRAK Vice-pr\u00e9sidente : Christelle VANZEVEREN Tr\u00e9sorier : [&hellip;]<\/p>\n","protected":false},"author":5,"featured_media":0,"parent":0,"menu_order":0,"comment_status":"closed","ping_status":"closed","template":"elementor_header_footer","meta":{"footnotes":""},"class_list":["post-2810","page","type-page","status-publish","hentry"],"yoast_head":"<!-- This site is optimized with the Yoast SEO plugin v27.0 - https:\/\/yoast.com\/product\/yoast-seo-wordpress\/ -->\n<title>\u00c9quipes - Centre Social et Culturel Bourgogne<\/title>\n<meta name=\"robots\" content=\"index, follow, max-snippet:-1, max-image-preview:large, max-video-preview:-1\" \/>\n<link rel=\"canonical\" href=\"https:\/\/csbpn.org\/index.php\/equipes-3\/\" \/>\n<meta property=\"og:locale\" content=\"fr_FR\" \/>\n<meta property=\"og:type\" content=\"article\" \/>\n<meta property=\"og:title\" content=\"\u00c9quipes - Centre Social et Culturel Bourgogne\" \/>\n<meta property=\"og:description\" content=\"les \u00e9quipes \u00ab Le Centre social et culturel Bourgogne s\u2019appuie sur des professionnels et des b\u00e9n\u00e9voles engag\u00e9s au service des habitants. \u00bb le conseil d&rsquo;administration Le Conseil d\u2019administration est compos\u00e9 de b\u00e9n\u00e9voles \u00e9lus qui participent aux orientations et aux d\u00e9cisions du centre social. Coll\u00e8ge \u00ab\u00a0Habitants\u00a0\u00bb Pr\u00e9sidente : Fatima BELOUARRAK Vice-pr\u00e9sidente : Christelle VANZEVEREN Tr\u00e9sorier : [&hellip;]\" \/>\n<meta property=\"og:url\" content=\"https:\/\/csbpn.org\/index.php\/equipes-3\/\" \/>\n<meta property=\"og:site_name\" content=\"Centre Social et Culturel Bourgogne\" \/>\n<meta property=\"article:modified_time\" content=\"2026-01-15T10:18:24+00:00\" \/>\n<meta property=\"og:image\" content=\"https:\/\/csbpn.org\/wp-content\/uploads\/2025\/10\/1-1.png\" \/>\n\t<meta property=\"og:image:width\" content=\"1134\" \/>\n\t<meta property=\"og:image:height\" content=\"512\" \/>\n\t<meta property=\"og:image:type\" content=\"image\/png\" \/>\n<meta name=\"twitter:card\" content=\"summary_large_image\" \/>\n<meta name=\"twitter:label1\" content=\"Dur\u00e9e de lecture estim\u00e9e\" \/>\n\t<meta name=\"twitter:data1\" content=\"1 minute\" \/>\n<script type=\"application\/ld+json\" class=\"yoast-schema-graph\">{\"@context\":\"https:\/\/schema.org\",\"@graph\":[{\"@type\":\"WebPage\",\"@id\":\"https:\/\/csbpn.org\/index.php\/equipes-3\/\",\"url\":\"https:\/\/csbpn.org\/index.php\/equipes-3\/\",\"name\":\"\u00c9quipes - Centre Social et Culturel Bourgogne\",\"isPartOf\":{\"@id\":\"https:\/\/csbpn.org\/#website\"},\"primaryImageOfPage\":{\"@id\":\"https:\/\/csbpn.org\/index.php\/equipes-3\/#primaryimage\"},\"image\":{\"@id\":\"https:\/\/csbpn.org\/index.php\/equipes-3\/#primaryimage\"},\"thumbnailUrl\":\"https:\/\/csbpn.org\/wp-content\/uploads\/2025\/10\/1-1.png\",\"datePublished\":\"2025-12-18T16:26:40+00:00\",\"dateModified\":\"2026-01-15T10:18:24+00:00\",\"breadcrumb\":{\"@id\":\"https:\/\/csbpn.org\/index.php\/equipes-3\/#breadcrumb\"},\"inLanguage\":\"fr-FR\",\"potentialAction\":[{\"@type\":\"ReadAction\",\"target\":[\"https:\/\/csbpn.org\/index.php\/equipes-3\/\"]}]},{\"@type\":\"ImageObject\",\"inLanguage\":\"fr-FR\",\"@id\":\"https:\/\/csbpn.org\/index.php\/equipes-3\/#primaryimage\",\"url\":\"https:\/\/csbpn.org\/wp-content\/uploads\/2025\/10\/1-1.png\",\"contentUrl\":\"https:\/\/csbpn.org\/wp-content\/uploads\/2025\/10\/1-1.png\",\"width\":1134,\"height\":512},{\"@type\":\"BreadcrumbList\",\"@id\":\"https:\/\/csbpn.org\/index.php\/equipes-3\/#breadcrumb\",\"itemListElement\":[{\"@type\":\"ListItem\",\"position\":1,\"name\":\"Home\",\"item\":\"https:\/\/csbpn.org\/\"},{\"@type\":\"ListItem\",\"position\":2,\"name\":\"\u00c9quipes\"}]},{\"@type\":\"WebSite\",\"@id\":\"https:\/\/csbpn.org\/#website\",\"url\":\"https:\/\/csbpn.org\/\",\"name\":\"Centre Social et Culturel Bourgogne\",\"description\":\"Cr\u00e9ons des liens, b\u00e2tissons l&#039;avenir ensemble\",\"publisher\":{\"@id\":\"https:\/\/csbpn.org\/#organization\"},\"potentialAction\":[{\"@type\":\"SearchAction\",\"target\":{\"@type\":\"EntryPoint\",\"urlTemplate\":\"https:\/\/csbpn.org\/?s={search_term_string}\"},\"query-input\":{\"@type\":\"PropertyValueSpecification\",\"valueRequired\":true,\"valueName\":\"search_term_string\"}}],\"inLanguage\":\"fr-FR\"},{\"@type\":\"Organization\",\"@id\":\"https:\/\/csbpn.org\/#organization\",\"name\":\"Centre Social et Culturel Bourgogne\",\"url\":\"https:\/\/csbpn.org\/\",\"logo\":{\"@type\":\"ImageObject\",\"inLanguage\":\"fr-FR\",\"@id\":\"https:\/\/csbpn.org\/#\/schema\/logo\/image\/\",\"url\":\"https:\/\/csbpn.org\/wp-content\/uploads\/2025\/10\/cropped-LOGO-8.png\",\"contentUrl\":\"https:\/\/csbpn.org\/wp-content\/uploads\/2025\/10\/cropped-LOGO-8.png\",\"width\":500,\"height\":394,\"caption\":\"Centre Social et Culturel Bourgogne\"},\"image\":{\"@id\":\"https:\/\/csbpn.org\/#\/schema\/logo\/image\/\"}}]}<\/script>\n<!-- \/ Yoast SEO plugin. -->","yoast_head_json":{"title":"\u00c9quipes - Centre Social et Culturel Bourgogne","robots":{"index":"index","follow":"follow","max-snippet":"max-snippet:-1","max-image-preview":"max-image-preview:large","max-video-preview":"max-video-preview:-1"},"canonical":"https:\/\/csbpn.org\/index.php\/equipes-3\/","og_locale":"fr_FR","og_type":"article","og_title":"\u00c9quipes - Centre Social et Culturel Bourgogne","og_description":"les \u00e9quipes \u00ab Le Centre social et culturel Bourgogne s\u2019appuie sur des professionnels et des b\u00e9n\u00e9voles engag\u00e9s au service des habitants. \u00bb le conseil d&rsquo;administration Le Conseil d\u2019administration est compos\u00e9 de b\u00e9n\u00e9voles \u00e9lus qui participent aux orientations et aux d\u00e9cisions du centre social. Coll\u00e8ge \u00ab\u00a0Habitants\u00a0\u00bb Pr\u00e9sidente : Fatima BELOUARRAK Vice-pr\u00e9sidente : Christelle VANZEVEREN Tr\u00e9sorier : [&hellip;]","og_url":"https:\/\/csbpn.org\/index.php\/equipes-3\/","og_site_name":"Centre Social et Culturel Bourgogne","article_modified_time":"2026-01-15T10:18:24+00:00","og_image":[{"width":1134,"height":512,"url":"https:\/\/csbpn.org\/wp-content\/uploads\/2025\/10\/1-1.png","type":"image\/png"}],"twitter_card":"summary_large_image","twitter_misc":{"Dur\u00e9e de lecture estim\u00e9e":"1 minute"},"schema":{"@context":"https:\/\/schema.org","@graph":[{"@type":"WebPage","@id":"https:\/\/csbpn.org\/index.php\/equipes-3\/","url":"https:\/\/csbpn.org\/index.php\/equipes-3\/","name":"\u00c9quipes - Centre Social et Culturel Bourgogne","isPartOf":{"@id":"https:\/\/csbpn.org\/#website"},"primaryImageOfPage":{"@id":"https:\/\/csbpn.org\/index.php\/equipes-3\/#primaryimage"},"image":{"@id":"https:\/\/csbpn.org\/index.php\/equipes-3\/#primaryimage"},"thumbnailUrl":"https:\/\/csbpn.org\/wp-content\/uploads\/2025\/10\/1-1.png","datePublished":"2025-12-18T16:26:40+00:00","dateModified":"2026-01-15T10:18:24+00:00","breadcrumb":{"@id":"https:\/\/csbpn.org\/index.php\/equipes-3\/#breadcrumb"},"inLanguage":"fr-FR","potentialAction":[{"@type":"ReadAction","target":["https:\/\/csbpn.org\/index.php\/equipes-3\/"]}]},{"@type":"ImageObject","inLanguage":"fr-FR","@id":"https:\/\/csbpn.org\/index.php\/equipes-3\/#primaryimage","url":"https:\/\/csbpn.org\/wp-content\/uploads\/2025\/10\/1-1.png","contentUrl":"https:\/\/csbpn.org\/wp-content\/uploads\/2025\/10\/1-1.png","width":1134,"height":512},{"@type":"BreadcrumbList","@id":"https:\/\/csbpn.org\/index.php\/equipes-3\/#breadcrumb","itemListElement":[{"@type":"ListItem","position":1,"name":"Home","item":"https:\/\/csbpn.org\/"},{"@type":"ListItem","position":2,"name":"\u00c9quipes"}]},{"@type":"WebSite","@id":"https:\/\/csbpn.org\/#website","url":"https:\/\/csbpn.org\/","name":"Centre Social et Culturel Bourgogne","description":"Cr\u00e9ons des liens, b\u00e2tissons l&#039;avenir ensemble","publisher":{"@id":"https:\/\/csbpn.org\/#organization"},"potentialAction":[{"@type":"SearchAction","target":{"@type":"EntryPoint","urlTemplate":"https:\/\/csbpn.org\/?s={search_term_string}"},"query-input":{"@type":"PropertyValueSpecification","valueRequired":true,"valueName":"search_term_string"}}],"inLanguage":"fr-FR"},{"@type":"Organization","@id":"https:\/\/csbpn.org\/#organization","name":"Centre Social et Culturel Bourgogne","url":"https:\/\/csbpn.org\/","logo":{"@type":"ImageObject","inLanguage":"fr-FR","@id":"https:\/\/csbpn.org\/#\/schema\/logo\/image\/","url":"https:\/\/csbpn.org\/wp-content\/uploads\/2025\/10\/cropped-LOGO-8.png","contentUrl":"https:\/\/csbpn.org\/wp-content\/uploads\/2025\/10\/cropped-LOGO-8.png","width":500,"height":394,"caption":"Centre Social et Culturel Bourgogne"},"image":{"@id":"https:\/\/csbpn.org\/#\/schema\/logo\/image\/"}}]}},"_links":{"self":[{"href":"https:\/\/csbpn.org\/index.php\/wp-json\/wp\/v2\/pages\/2810","targetHints":{"allow":["GET"]}}],"collection":[{"href":"https:\/\/csbpn.org\/index.php\/wp-json\/wp\/v2\/pages"}],"about":[{"href":"https:\/\/csbpn.org\/index.php\/wp-json\/wp\/v2\/types\/page"}],"author":[{"embeddable":true,"href":"https:\/\/csbpn.org\/index.php\/wp-json\/wp\/v2\/users\/5"}],"replies":[{"embeddable":true,"href":"https:\/\/csbpn.org\/index.php\/wp-json\/wp\/v2\/comments?post=2810"}],"version-history":[{"count":32,"href":"https:\/\/csbpn.org\/index.php\/wp-json\/wp\/v2\/pages\/2810\/revisions"}],"predecessor-version":[{"id":3124,"href":"https:\/\/csbpn.org\/index.php\/wp-json\/wp\/v2\/pages\/2810\/revisions\/3124"}],"wp:attachment":[{"href":"https:\/\/csbpn.org\/index.php\/wp-json\/wp\/v2\/media?parent=2810"}],"curies":[{"name":"wp","href":"https:\/\/api.w.org\/{rel}","templated":true}]}}