{"id":2587,"date":"2025-11-27T11:15:00","date_gmt":"2025-11-27T10:15:00","guid":{"rendered":"https:\/\/csbpn.org\/?page_id=2587"},"modified":"2026-01-05T14:07:48","modified_gmt":"2026-01-05T13:07:48","slug":"culture-et-vie-de-quartier","status":"publish","type":"page","link":"https:\/\/csbpn.org\/index.php\/culture-et-vie-de-quartier\/","title":{"rendered":"Culture et vie de quartier"},"content":{"rendered":"\t\t<div data-elementor-type=\"wp-page\" data-elementor-id=\"2587\" class=\"elementor elementor-2587\" data-elementor-post-type=\"page\">\n\t\t\t\t\t\t<section class=\"elementor-section elementor-top-section elementor-element elementor-element-5f4fda8a elementor-section-height-min-height elementor-section-boxed elementor-section-height-default elementor-section-items-middle\" data-id=\"5f4fda8a\" data-element_type=\"section\" data-e-type=\"section\" data-settings=\"{&quot;background_background&quot;:&quot;classic&quot;}\">\n\t\t\t\t\t\t\t<div class=\"elementor-background-overlay\"><\/div>\n\t\t\t\t\t\t\t<div class=\"elementor-container elementor-column-gap-default\">\n\t\t\t\t\t<div class=\"elementor-column elementor-col-100 elementor-top-column elementor-element elementor-element-1ab5d544\" data-id=\"1ab5d544\" data-element_type=\"column\" data-e-type=\"column\">\n\t\t\t<div class=\"elementor-widget-wrap elementor-element-populated\">\n\t\t\t\t\t\t<div class=\"elementor-element elementor-element-131ca378 elementor-widget elementor-widget-heading\" data-id=\"131ca378\" data-element_type=\"widget\" data-e-type=\"widget\" data-widget_type=\"heading.default\">\n\t\t\t\t<div class=\"elementor-widget-container\">\n\t\t\t\t\t<h2 class=\"elementor-heading-title elementor-size-large\">culture et vie de quartier<\/h2>\t\t\t\t<\/div>\n\t\t\t\t<\/div>\n\t\t\t\t<div class=\"elementor-element elementor-element-186e0a7d elementor-widget-divider--view-line elementor-widget elementor-widget-divider\" data-id=\"186e0a7d\" data-element_type=\"widget\" data-e-type=\"widget\" data-widget_type=\"divider.default\">\n\t\t\t\t<div class=\"elementor-widget-container\">\n\t\t\t\t\t\t\t<div class=\"elementor-divider\">\n\t\t\t<span class=\"elementor-divider-separator\">\n\t\t\t\t\t\t<\/span>\n\t\t<\/div>\n\t\t\t\t\t\t<\/div>\n\t\t\t\t<\/div>\n\t\t\t\t<div class=\"elementor-element elementor-element-4018f028 elementor-widget elementor-widget-heading\" data-id=\"4018f028\" data-element_type=\"widget\" data-e-type=\"widget\" data-widget_type=\"heading.default\">\n\t\t\t\t<div class=\"elementor-widget-container\">\n\t\t\t\t\t<p class=\"elementor-heading-title elementor-size-medium\">\u00ab ... \u00bb\n<\/p>\t\t\t\t<\/div>\n\t\t\t\t<\/div>\n\t\t\t\t\t<\/div>\n\t\t<\/div>\n\t\t\t\t\t<\/div>\n\t\t<\/section>\n\t\t\t\t<section class=\"elementor-section elementor-top-section elementor-element elementor-element-10d7d35b elementor-section-height-min-height elementor-section-content-middle elementor-section-full_width elementor-section-height-default elementor-section-items-middle\" data-id=\"10d7d35b\" data-element_type=\"section\" data-e-type=\"section\" data-settings=\"{&quot;background_background&quot;:&quot;classic&quot;}\">\n\t\t\t\t\t\t<div class=\"elementor-container elementor-column-gap-default\">\n\t\t\t\t\t<div class=\"elementor-column elementor-col-50 elementor-top-column elementor-element elementor-element-383d12fe\" data-id=\"383d12fe\" data-element_type=\"column\" data-e-type=\"column\">\n\t\t\t<div class=\"elementor-widget-wrap elementor-element-populated\">\n\t\t\t\t\t\t<div class=\"elementor-element elementor-element-4e6bd1de elementor-widget-divider--view-line elementor-widget elementor-widget-divider\" data-id=\"4e6bd1de\" data-element_type=\"widget\" data-e-type=\"widget\" data-widget_type=\"divider.default\">\n\t\t\t\t<div class=\"elementor-widget-container\">\n\t\t\t\t\t\t\t<div class=\"elementor-divider\">\n\t\t\t<span class=\"elementor-divider-separator\">\n\t\t\t\t\t\t<\/span>\n\t\t<\/div>\n\t\t\t\t\t\t<\/div>\n\t\t\t\t<\/div>\n\t\t\t\t<div class=\"elementor-element elementor-element-59ed4cba elementor-widget elementor-widget-heading\" data-id=\"59ed4cba\" data-element_type=\"widget\" data-e-type=\"widget\" data-widget_type=\"heading.default\">\n\t\t\t\t<div class=\"elementor-widget-container\">\n\t\t\t\t\t<h3 class=\"elementor-heading-title elementor-size-large\">pr\u00e9sentation\n<\/h3>\t\t\t\t<\/div>\n\t\t\t\t<\/div>\n\t\t\t\t<div class=\"elementor-element elementor-element-41680fa7 elementor-widget elementor-widget-text-editor\" data-id=\"41680fa7\" data-element_type=\"widget\" data-e-type=\"widget\" data-widget_type=\"text-editor.default\">\n\t\t\t\t<div class=\"elementor-widget-container\">\n\t\t\t\t\t\t\t\t\t<p><strong>Le p\u00f4le Culture et Vie de quartier<\/strong> \u0153uvre pour favoriser l\u2019acc\u00e8s \u00e0 la culture et encourager la participation active des habitants \u00e0 la vie locale (sociale et culturelle) du territoire.<\/p><p>La culture est envisag\u00e9e comme un droit pour toutes et tous, respectueux des identit\u00e9s culturelles de chacun. Elle constitue \u00e9galement un levier d\u2019\u00e9mancipation, de partage et de construction de l\u2019esprit critique, en permettant \u00e0 chacun de s\u2019exprimer, de cr\u00e9er et de s\u2019int\u00e9grer \u00e0 la soci\u00e9t\u00e9.<\/p><p>Les actions de vie de quartier placent les habitants au c\u0153ur des projets. En s\u2019appuyant sur leur engagement, notamment b\u00e9n\u00e9vole, et en lien \u00e9troit avec les acteurs locaux (bailleurs sociaux, institutions culturelles, associations, collectivit\u00e9s\u2026), le p\u00f4le accompagne des initiatives favorisant l\u2019appropriation des espaces, la transformation collective du cadre de vie et l\u2019animation de la vie de quartier. Les habitants en sont les acteurs principaux et les moteurs du vivre-ensemble.<\/p>\t\t\t\t\t\t\t\t<\/div>\n\t\t\t\t<\/div>\n\t\t\t\t\t<\/div>\n\t\t<\/div>\n\t\t\t\t<div class=\"elementor-column elementor-col-50 elementor-top-column elementor-element elementor-element-1ca6b382\" data-id=\"1ca6b382\" data-element_type=\"column\" data-e-type=\"column\">\n\t\t\t<div class=\"elementor-widget-wrap elementor-element-populated\">\n\t\t\t\t\t\t<div class=\"elementor-element elementor-element-63f7331d elementor-align-center elementor-widget elementor-widget-button\" data-id=\"63f7331d\" data-element_type=\"widget\" data-e-type=\"widget\" data-widget_type=\"button.default\">\n\t\t\t\t<div class=\"elementor-widget-container\">\n\t\t\t\t\t\t\t\t\t<div class=\"elementor-button-wrapper\">\n\t\t\t\t\t<a class=\"elementor-button elementor-size-sm\" role=\"button\">\n\t\t\t\t\t\t<span class=\"elementor-button-content-wrapper\">\n\t\t\t\t\t\t\t\t\t<span class=\"elementor-button-text\">Zoom sur des projets<\/span>\n\t\t\t\t\t<\/span>\n\t\t\t\t\t<\/a>\n\t\t\t\t<\/div>\n\t\t\t\t\t\t\t\t<\/div>\n\t\t\t\t<\/div>\n\t\t\t\t\t<\/div>\n\t\t<\/div>\n\t\t\t\t\t<\/div>\n\t\t<\/section>\n\t\t\t\t<section class=\"elementor-section elementor-top-section elementor-element elementor-element-7cb72e4b elementor-section-height-min-height elementor-section-content-middle elementor-section-full_width elementor-section-height-default elementor-section-items-middle\" data-id=\"7cb72e4b\" data-element_type=\"section\" data-e-type=\"section\" data-settings=\"{&quot;background_background&quot;:&quot;classic&quot;}\">\n\t\t\t\t\t\t<div class=\"elementor-container elementor-column-gap-default\">\n\t\t\t\t\t<div class=\"elementor-column elementor-col-50 elementor-top-column elementor-element elementor-element-3c8c034a\" data-id=\"3c8c034a\" data-element_type=\"column\" data-e-type=\"column\">\n\t\t\t<div class=\"elementor-widget-wrap elementor-element-populated\">\n\t\t\t\t\t\t<div class=\"elementor-element elementor-element-5e8d04d0 elementor-widget-divider--view-line elementor-widget elementor-widget-divider\" data-id=\"5e8d04d0\" data-element_type=\"widget\" data-e-type=\"widget\" data-widget_type=\"divider.default\">\n\t\t\t\t<div class=\"elementor-widget-container\">\n\t\t\t\t\t\t\t<div class=\"elementor-divider\">\n\t\t\t<span class=\"elementor-divider-separator\">\n\t\t\t\t\t\t<\/span>\n\t\t<\/div>\n\t\t\t\t\t\t<\/div>\n\t\t\t\t<\/div>\n\t\t\t\t<div class=\"elementor-element elementor-element-47ee9078 elementor-widget elementor-widget-heading\" data-id=\"47ee9078\" data-element_type=\"widget\" data-e-type=\"widget\" data-widget_type=\"heading.default\">\n\t\t\t\t<div class=\"elementor-widget-container\">\n\t\t\t\t\t<h3 class=\"elementor-heading-title elementor-size-large\">culture<\/h3>\t\t\t\t<\/div>\n\t\t\t\t<\/div>\n\t\t\t\t<div class=\"elementor-element elementor-element-10a07175 elementor-widget elementor-widget-text-editor\" data-id=\"10a07175\" data-element_type=\"widget\" data-e-type=\"widget\" data-widget_type=\"text-editor.default\">\n\t\t\t\t<div class=\"elementor-widget-container\">\n\t\t\t\t\t\t\t\t\t<p>Le Centre Social et Culturel Bourgogne propose plusieurs types d\u2019actions :<\/p><ul><li>Visites\/sorties culturelles et patrimoniales<\/li><li>Projets culturels collaboratifs th\u00e9matiques<\/li><li>Cin\u00e9-d\u00e9bat<\/li><\/ul>\t\t\t\t\t\t\t\t<\/div>\n\t\t\t\t<\/div>\n\t\t\t\t\t<\/div>\n\t\t<\/div>\n\t\t\t\t<div class=\"elementor-column elementor-col-50 elementor-top-column elementor-element elementor-element-18db74eb\" data-id=\"18db74eb\" data-element_type=\"column\" data-e-type=\"column\">\n\t\t\t<div class=\"elementor-widget-wrap elementor-element-populated\">\n\t\t\t\t\t\t<div class=\"elementor-element elementor-element-32db5df9 elementor-widget-divider--view-line elementor-widget elementor-widget-divider\" data-id=\"32db5df9\" data-element_type=\"widget\" data-e-type=\"widget\" data-widget_type=\"divider.default\">\n\t\t\t\t<div class=\"elementor-widget-container\">\n\t\t\t\t\t\t\t<div class=\"elementor-divider\">\n\t\t\t<span class=\"elementor-divider-separator\">\n\t\t\t\t\t\t<\/span>\n\t\t<\/div>\n\t\t\t\t\t\t<\/div>\n\t\t\t\t<\/div>\n\t\t\t\t<div class=\"elementor-element elementor-element-6533ada0 elementor-widget elementor-widget-heading\" data-id=\"6533ada0\" data-element_type=\"widget\" data-e-type=\"widget\" data-widget_type=\"heading.default\">\n\t\t\t\t<div class=\"elementor-widget-container\">\n\t\t\t\t\t<h3 class=\"elementor-heading-title elementor-size-large\">vie de quartier<\/h3>\t\t\t\t<\/div>\n\t\t\t\t<\/div>\n\t\t\t\t<div class=\"elementor-element elementor-element-5ffe5758 elementor-widget elementor-widget-text-editor\" data-id=\"5ffe5758\" data-element_type=\"widget\" data-e-type=\"widget\" data-widget_type=\"text-editor.default\">\n\t\t\t\t<div class=\"elementor-widget-container\">\n\t\t\t\t\t\t\t\t\t<ul><li>Retournement Evolution Changement Occupation RECO) (. Ce projet a pour objectif de modifier les m\u00e9susages, squate, etc de lieu mal utilis\u00e9 ou abandonn\u00e9.<\/li><li>Quartier Fertile. Ce projet regroupe l\u2019ensemble des actions accompagn\u00e9es par le centre en mati\u00e8re de transition \u00e9cologique. Il s\u2019appuie en partie sur le jardin partag\u00e9 des Petites Pousses et la boutique solidaire (friperie) \u00ab\u00a0Au petit bonheur\u00a0\u00bb.<\/li><li>Ev\u00e8nements et animations ponctuelles.<\/li><\/ul>\t\t\t\t\t\t\t\t<\/div>\n\t\t\t\t<\/div>\n\t\t\t\t\t<\/div>\n\t\t<\/div>\n\t\t\t\t\t<\/div>\n\t\t<\/section>\n\t\t\t\t<\/div>\n\t\t","protected":false},"excerpt":{"rendered":"<p>culture et vie de quartier \u00ab &#8230; \u00bb pr\u00e9sentation Le p\u00f4le Culture et Vie de quartier \u0153uvre pour favoriser l\u2019acc\u00e8s \u00e0 la culture et encourager la participation active des habitants \u00e0 la vie locale (sociale et culturelle) du territoire. La culture est envisag\u00e9e comme un droit pour toutes et tous, respectueux des identit\u00e9s culturelles de [&hellip;]<\/p>\n","protected":false},"author":5,"featured_media":0,"parent":0,"menu_order":0,"comment_status":"closed","ping_status":"closed","template":"elementor_header_footer","meta":{"footnotes":""},"class_list":["post-2587","page","type-page","status-publish","hentry"],"yoast_head":"<!-- This site is optimized with the Yoast SEO plugin v27.0 - https:\/\/yoast.com\/product\/yoast-seo-wordpress\/ -->\n<title>Culture et vie de quartier - Centre Social et Culturel Bourgogne<\/title>\n<meta name=\"robots\" content=\"index, follow, max-snippet:-1, max-image-preview:large, max-video-preview:-1\" \/>\n<link rel=\"canonical\" href=\"https:\/\/csbpn.org\/index.php\/culture-et-vie-de-quartier\/\" \/>\n<meta property=\"og:locale\" content=\"fr_FR\" \/>\n<meta property=\"og:type\" content=\"article\" \/>\n<meta property=\"og:title\" content=\"Culture et vie de quartier - Centre Social et Culturel Bourgogne\" \/>\n<meta property=\"og:description\" content=\"culture et vie de quartier \u00ab &#8230; \u00bb pr\u00e9sentation Le p\u00f4le Culture et Vie de quartier \u0153uvre pour favoriser l\u2019acc\u00e8s \u00e0 la culture et encourager la participation active des habitants \u00e0 la vie locale (sociale et culturelle) du territoire. La culture est envisag\u00e9e comme un droit pour toutes et tous, respectueux des identit\u00e9s culturelles de [&hellip;]\" \/>\n<meta property=\"og:url\" content=\"https:\/\/csbpn.org\/index.php\/culture-et-vie-de-quartier\/\" \/>\n<meta property=\"og:site_name\" content=\"Centre Social et Culturel Bourgogne\" \/>\n<meta property=\"article:modified_time\" content=\"2026-01-05T13:07:48+00:00\" \/>\n<meta name=\"twitter:card\" content=\"summary_large_image\" \/>\n<meta name=\"twitter:label1\" content=\"Dur\u00e9e de lecture estim\u00e9e\" \/>\n\t<meta name=\"twitter:data1\" content=\"2 minutes\" \/>\n<script type=\"application\/ld+json\" class=\"yoast-schema-graph\">{\"@context\":\"https:\/\/schema.org\",\"@graph\":[{\"@type\":\"WebPage\",\"@id\":\"https:\/\/csbpn.org\/index.php\/culture-et-vie-de-quartier\/\",\"url\":\"https:\/\/csbpn.org\/index.php\/culture-et-vie-de-quartier\/\",\"name\":\"Culture et vie de quartier - Centre Social et Culturel Bourgogne\",\"isPartOf\":{\"@id\":\"https:\/\/csbpn.org\/#website\"},\"datePublished\":\"2025-11-27T10:15:00+00:00\",\"dateModified\":\"2026-01-05T13:07:48+00:00\",\"breadcrumb\":{\"@id\":\"https:\/\/csbpn.org\/index.php\/culture-et-vie-de-quartier\/#breadcrumb\"},\"inLanguage\":\"fr-FR\",\"potentialAction\":[{\"@type\":\"ReadAction\",\"target\":[\"https:\/\/csbpn.org\/index.php\/culture-et-vie-de-quartier\/\"]}]},{\"@type\":\"BreadcrumbList\",\"@id\":\"https:\/\/csbpn.org\/index.php\/culture-et-vie-de-quartier\/#breadcrumb\",\"itemListElement\":[{\"@type\":\"ListItem\",\"position\":1,\"name\":\"Home\",\"item\":\"https:\/\/csbpn.org\/\"},{\"@type\":\"ListItem\",\"position\":2,\"name\":\"Culture et vie de quartier\"}]},{\"@type\":\"WebSite\",\"@id\":\"https:\/\/csbpn.org\/#website\",\"url\":\"https:\/\/csbpn.org\/\",\"name\":\"Centre Social et Culturel Bourgogne\",\"description\":\"Cr\u00e9ons des liens, b\u00e2tissons l&#039;avenir ensemble\",\"publisher\":{\"@id\":\"https:\/\/csbpn.org\/#organization\"},\"potentialAction\":[{\"@type\":\"SearchAction\",\"target\":{\"@type\":\"EntryPoint\",\"urlTemplate\":\"https:\/\/csbpn.org\/?s={search_term_string}\"},\"query-input\":{\"@type\":\"PropertyValueSpecification\",\"valueRequired\":true,\"valueName\":\"search_term_string\"}}],\"inLanguage\":\"fr-FR\"},{\"@type\":\"Organization\",\"@id\":\"https:\/\/csbpn.org\/#organization\",\"name\":\"Centre Social et Culturel Bourgogne\",\"url\":\"https:\/\/csbpn.org\/\",\"logo\":{\"@type\":\"ImageObject\",\"inLanguage\":\"fr-FR\",\"@id\":\"https:\/\/csbpn.org\/#\/schema\/logo\/image\/\",\"url\":\"https:\/\/csbpn.org\/wp-content\/uploads\/2025\/10\/cropped-LOGO-8.png\",\"contentUrl\":\"https:\/\/csbpn.org\/wp-content\/uploads\/2025\/10\/cropped-LOGO-8.png\",\"width\":500,\"height\":394,\"caption\":\"Centre Social et Culturel Bourgogne\"},\"image\":{\"@id\":\"https:\/\/csbpn.org\/#\/schema\/logo\/image\/\"}}]}<\/script>\n<!-- \/ Yoast SEO plugin. -->","yoast_head_json":{"title":"Culture et vie de quartier - Centre Social et Culturel Bourgogne","robots":{"index":"index","follow":"follow","max-snippet":"max-snippet:-1","max-image-preview":"max-image-preview:large","max-video-preview":"max-video-preview:-1"},"canonical":"https:\/\/csbpn.org\/index.php\/culture-et-vie-de-quartier\/","og_locale":"fr_FR","og_type":"article","og_title":"Culture et vie de quartier - Centre Social et Culturel Bourgogne","og_description":"culture et vie de quartier \u00ab &#8230; \u00bb pr\u00e9sentation Le p\u00f4le Culture et Vie de quartier \u0153uvre pour favoriser l\u2019acc\u00e8s \u00e0 la culture et encourager la participation active des habitants \u00e0 la vie locale (sociale et culturelle) du territoire. La culture est envisag\u00e9e comme un droit pour toutes et tous, respectueux des identit\u00e9s culturelles de [&hellip;]","og_url":"https:\/\/csbpn.org\/index.php\/culture-et-vie-de-quartier\/","og_site_name":"Centre Social et Culturel Bourgogne","article_modified_time":"2026-01-05T13:07:48+00:00","twitter_card":"summary_large_image","twitter_misc":{"Dur\u00e9e de lecture estim\u00e9e":"2 minutes"},"schema":{"@context":"https:\/\/schema.org","@graph":[{"@type":"WebPage","@id":"https:\/\/csbpn.org\/index.php\/culture-et-vie-de-quartier\/","url":"https:\/\/csbpn.org\/index.php\/culture-et-vie-de-quartier\/","name":"Culture et vie de quartier - Centre Social et Culturel Bourgogne","isPartOf":{"@id":"https:\/\/csbpn.org\/#website"},"datePublished":"2025-11-27T10:15:00+00:00","dateModified":"2026-01-05T13:07:48+00:00","breadcrumb":{"@id":"https:\/\/csbpn.org\/index.php\/culture-et-vie-de-quartier\/#breadcrumb"},"inLanguage":"fr-FR","potentialAction":[{"@type":"ReadAction","target":["https:\/\/csbpn.org\/index.php\/culture-et-vie-de-quartier\/"]}]},{"@type":"BreadcrumbList","@id":"https:\/\/csbpn.org\/index.php\/culture-et-vie-de-quartier\/#breadcrumb","itemListElement":[{"@type":"ListItem","position":1,"name":"Home","item":"https:\/\/csbpn.org\/"},{"@type":"ListItem","position":2,"name":"Culture et vie de quartier"}]},{"@type":"WebSite","@id":"https:\/\/csbpn.org\/#website","url":"https:\/\/csbpn.org\/","name":"Centre Social et Culturel Bourgogne","description":"Cr\u00e9ons des liens, b\u00e2tissons l&#039;avenir ensemble","publisher":{"@id":"https:\/\/csbpn.org\/#organization"},"potentialAction":[{"@type":"SearchAction","target":{"@type":"EntryPoint","urlTemplate":"https:\/\/csbpn.org\/?s={search_term_string}"},"query-input":{"@type":"PropertyValueSpecification","valueRequired":true,"valueName":"search_term_string"}}],"inLanguage":"fr-FR"},{"@type":"Organization","@id":"https:\/\/csbpn.org\/#organization","name":"Centre Social et Culturel Bourgogne","url":"https:\/\/csbpn.org\/","logo":{"@type":"ImageObject","inLanguage":"fr-FR","@id":"https:\/\/csbpn.org\/#\/schema\/logo\/image\/","url":"https:\/\/csbpn.org\/wp-content\/uploads\/2025\/10\/cropped-LOGO-8.png","contentUrl":"https:\/\/csbpn.org\/wp-content\/uploads\/2025\/10\/cropped-LOGO-8.png","width":500,"height":394,"caption":"Centre Social et Culturel Bourgogne"},"image":{"@id":"https:\/\/csbpn.org\/#\/schema\/logo\/image\/"}}]}},"_links":{"self":[{"href":"https:\/\/csbpn.org\/index.php\/wp-json\/wp\/v2\/pages\/2587","targetHints":{"allow":["GET"]}}],"collection":[{"href":"https:\/\/csbpn.org\/index.php\/wp-json\/wp\/v2\/pages"}],"about":[{"href":"https:\/\/csbpn.org\/index.php\/wp-json\/wp\/v2\/types\/page"}],"author":[{"embeddable":true,"href":"https:\/\/csbpn.org\/index.php\/wp-json\/wp\/v2\/users\/5"}],"replies":[{"embeddable":true,"href":"https:\/\/csbpn.org\/index.php\/wp-json\/wp\/v2\/comments?post=2587"}],"version-history":[{"count":13,"href":"https:\/\/csbpn.org\/index.php\/wp-json\/wp\/v2\/pages\/2587\/revisions"}],"predecessor-version":[{"id":3068,"href":"https:\/\/csbpn.org\/index.php\/wp-json\/wp\/v2\/pages\/2587\/revisions\/3068"}],"wp:attachment":[{"href":"https:\/\/csbpn.org\/index.php\/wp-json\/wp\/v2\/media?parent=2587"}],"curies":[{"name":"wp","href":"https:\/\/api.w.org\/{rel}","templated":true}]}}