{"id":2571,"date":"2025-11-26T17:17:45","date_gmt":"2025-11-26T16:17:45","guid":{"rendered":"https:\/\/csbpn.org\/?page_id=2571"},"modified":"2026-02-24T14:44:58","modified_gmt":"2026-02-24T13:44:58","slug":"insertion-sociale-et-professionnelle2","status":"publish","type":"page","link":"https:\/\/csbpn.org\/index.php\/insertion-sociale-et-professionnelle2\/","title":{"rendered":"Insertion Sociale et Professionnelle"},"content":{"rendered":"\t\t<div data-elementor-type=\"wp-page\" data-elementor-id=\"2571\" class=\"elementor elementor-2571\" data-elementor-post-type=\"page\">\n\t\t\t\t\t\t<section class=\"elementor-section elementor-top-section elementor-element elementor-element-2c4111f5 elementor-section-height-min-height elementor-section-boxed elementor-section-height-default elementor-section-items-middle\" data-id=\"2c4111f5\" data-element_type=\"section\" data-e-type=\"section\" data-settings=\"{&quot;background_background&quot;:&quot;classic&quot;}\">\n\t\t\t\t\t\t\t<div class=\"elementor-background-overlay\"><\/div>\n\t\t\t\t\t\t\t<div class=\"elementor-container elementor-column-gap-default\">\n\t\t\t\t\t<div class=\"elementor-column elementor-col-100 elementor-top-column elementor-element elementor-element-b80ae3\" data-id=\"b80ae3\" data-element_type=\"column\" data-e-type=\"column\">\n\t\t\t<div class=\"elementor-widget-wrap elementor-element-populated\">\n\t\t\t\t\t\t<div class=\"elementor-element elementor-element-55556f13 elementor-widget elementor-widget-heading\" data-id=\"55556f13\" data-element_type=\"widget\" data-e-type=\"widget\" data-widget_type=\"heading.default\">\n\t\t\t\t<div class=\"elementor-widget-container\">\n\t\t\t\t\t<h2 class=\"elementor-heading-title elementor-size-large\">Insertion Sociale et Professionnelle<\/h2>\t\t\t\t<\/div>\n\t\t\t\t<\/div>\n\t\t\t\t<div class=\"elementor-element elementor-element-15cc8649 elementor-widget-divider--view-line elementor-widget elementor-widget-divider\" data-id=\"15cc8649\" data-element_type=\"widget\" data-e-type=\"widget\" data-widget_type=\"divider.default\">\n\t\t\t\t<div class=\"elementor-widget-container\">\n\t\t\t\t\t\t\t<div class=\"elementor-divider\">\n\t\t\t<span class=\"elementor-divider-separator\">\n\t\t\t\t\t\t<\/span>\n\t\t<\/div>\n\t\t\t\t\t\t<\/div>\n\t\t\t\t<\/div>\n\t\t\t\t<div class=\"elementor-element elementor-element-74e54467 elementor-widget elementor-widget-heading\" data-id=\"74e54467\" data-element_type=\"widget\" data-e-type=\"widget\" data-widget_type=\"heading.default\">\n\t\t\t\t<div class=\"elementor-widget-container\">\n\t\t\t\t\t<p class=\"elementor-heading-title elementor-size-medium\">\u00ab \u00ab Le centre social agit pour favoriser l\u2019insertion sociale et professionnelle des habitants.\u00bb\n<\/p>\t\t\t\t<\/div>\n\t\t\t\t<\/div>\n\t\t\t\t\t<\/div>\n\t\t<\/div>\n\t\t\t\t\t<\/div>\n\t\t<\/section>\n\t\t\t\t<section class=\"elementor-section elementor-top-section elementor-element elementor-element-1cb564d1 elementor-section-height-min-height elementor-section-content-middle elementor-section-full_width elementor-section-height-default elementor-section-items-middle\" data-id=\"1cb564d1\" data-element_type=\"section\" data-e-type=\"section\" data-settings=\"{&quot;background_background&quot;:&quot;classic&quot;}\">\n\t\t\t\t\t\t<div class=\"elementor-container elementor-column-gap-default\">\n\t\t\t\t\t<div class=\"elementor-column elementor-col-50 elementor-top-column elementor-element elementor-element-554c1d38\" data-id=\"554c1d38\" data-element_type=\"column\" data-e-type=\"column\">\n\t\t\t<div class=\"elementor-widget-wrap elementor-element-populated\">\n\t\t\t\t\t\t<div class=\"elementor-element elementor-element-6cebf3df elementor-widget-divider--view-line elementor-widget elementor-widget-divider\" data-id=\"6cebf3df\" data-element_type=\"widget\" data-e-type=\"widget\" data-widget_type=\"divider.default\">\n\t\t\t\t<div class=\"elementor-widget-container\">\n\t\t\t\t\t\t\t<div class=\"elementor-divider\">\n\t\t\t<span class=\"elementor-divider-separator\">\n\t\t\t\t\t\t<\/span>\n\t\t<\/div>\n\t\t\t\t\t\t<\/div>\n\t\t\t\t<\/div>\n\t\t\t\t<div class=\"elementor-element elementor-element-769561d0 elementor-widget elementor-widget-heading\" data-id=\"769561d0\" data-element_type=\"widget\" data-e-type=\"widget\" data-widget_type=\"heading.default\">\n\t\t\t\t<div class=\"elementor-widget-container\">\n\t\t\t\t\t<h3 class=\"elementor-heading-title elementor-size-large\">PLIE<\/h3>\t\t\t\t<\/div>\n\t\t\t\t<\/div>\n\t\t\t\t<div class=\"elementor-element elementor-element-35ff0648 elementor-widget elementor-widget-text-editor\" data-id=\"35ff0648\" data-element_type=\"widget\" data-e-type=\"widget\" data-widget_type=\"text-editor.default\">\n\t\t\t\t<div class=\"elementor-widget-container\">\n\t\t\t\t\t\t\t\t\t<p><strong><u>Le PLIE accompagne les personnes vers l\u2019emploi durable \u00e0 travers diff\u00e9rents dispositifs :<\/u><\/strong><\/p><p>&#8211; Des actions de m\u00e9diation et d\u2019accompagnement \u00e0 l\u2019emploi<\/p><p>&#8211; Des entretiens individuels et\/ou collectifs pour identifier les besoins et les possibilit\u00e9s dans la construction du projet professionnel<\/p><p>&#8211; L\u2019exploration des opportunit\u00e9s offertes par le Plan Local pour l\u2019Emploi<\/p><p>&#8211; La mise en relation avec les partenaires de l\u2019emploi, de la formation et des dispositifs d\u2019insertion<\/p><p>&#8211; La d\u00e9couverte ou la confirmation d\u2019orientations professionnelles<\/p><p>&#8211; La valorisation des ressources du demandeur d\u2019emploi pour co-construire une dynamique d\u2019accompagnement et \u00e9tablir un plan d\u2019action personnalis\u00e9<\/p><p>\u00a0<\/p><p><strong><u>Conditions d\u2019int\u00e9gration au PLIE<\/u><\/strong><\/p><p>Pour int\u00e9grer le dispositif, il faut r\u00e9pondre \u00e0 au moins un des crit\u00e8res suivants :<\/p><p>&#8211; \u00catre demandeur d\u2019emploi de longue dur\u00e9e (plus de 12 mois d\u2019inscription)<\/p><p>&#8211; \u00catre \u00e2g\u00e9 de plus de 25 ans<\/p><p>&#8211; \u00catre allocataire des minima sociaux<\/p><p>&#8211; R\u00e9sider dans un quartier prioritaire de la ville<\/p><p>&#8211; \u00catre reconnu travailleur handicap\u00e9 ou avoir plus de 50 ans<\/p><p>&#8211; \u00catre demandeur d\u2019emploi en grande difficult\u00e9 sociale<\/p><p>&#8211; Ou plus largement, \u00eatre sans emploi et rencontrer des difficult\u00e9s d\u2019insertion professionnelle.<\/p><p>\u00a0<\/p><p><strong><u>Un accompagnement soutenu par l\u2019Union europ\u00e9enne<\/u><\/strong><\/p><p>L\u2019Europe soutient le parcours d\u2019accompagnement port\u00e9 par le Centre Social et Culturel Bourgogne afin de favoriser l\u2019employabilit\u00e9 et l\u2019inclusion active des publics fragilis\u00e9s.<\/p><p>Gr\u00e2ce au soutien du Fonds social europ\u00e9en, le Centre Social et Culturel Bourgogne met en place diverses actions pour accompagner les b\u00e9n\u00e9ficiaires orient\u00e9s par le PLIE de Tourcoing\/Mission Emploi Lys Tourcoing, vers ou dans l\u2019emploi.<\/p><p>Ces actions sont men\u00e9es en partenariat avec France Travail et d\u2019autres organismes sp\u00e9cialis\u00e9s, pour proposer des contrats aid\u00e9s, des \u00e9valuations de comp\u00e9tences et des formations adapt\u00e9es.<\/p><p>L\u2019objectif est d\u2019aboutir \u00e0 des r\u00e9sultats concrets et positifs, en d\u00e9finissant les \u00e9tapes du parcours, en identifiant les freins et en \u00e9valuant les marges de progression de chaque participant.\u00a0\u00bb<\/p>\t\t\t\t\t\t\t\t<\/div>\n\t\t\t\t<\/div>\n\t\t\t\t\t<\/div>\n\t\t<\/div>\n\t\t\t\t<div class=\"elementor-column elementor-col-50 elementor-top-column elementor-element elementor-element-193483a2\" data-id=\"193483a2\" data-element_type=\"column\" data-e-type=\"column\">\n\t\t\t<div class=\"elementor-widget-wrap elementor-element-populated\">\n\t\t\t\t\t\t<div class=\"elementor-element elementor-element-5c42891 elementor-widget elementor-widget-image\" data-id=\"5c42891\" data-element_type=\"widget\" data-e-type=\"widget\" data-widget_type=\"image.default\">\n\t\t\t\t<div class=\"elementor-widget-container\">\n\t\t\t\t\t\t\t\t\t\t\t\t\t\t\t<img fetchpriority=\"high\" decoding=\"async\" width=\"580\" height=\"477\" src=\"https:\/\/csbpn.org\/wp-content\/uploads\/2026\/02\/insertion-professionnelle-1024x843.jpg\" class=\"attachment-large size-large wp-image-3209\" alt=\"\" srcset=\"https:\/\/csbpn.org\/wp-content\/uploads\/2026\/02\/insertion-professionnelle-1024x843.jpg 1024w, https:\/\/csbpn.org\/wp-content\/uploads\/2026\/02\/insertion-professionnelle-300x247.jpg 300w, https:\/\/csbpn.org\/wp-content\/uploads\/2026\/02\/insertion-professionnelle-768x632.jpg 768w, https:\/\/csbpn.org\/wp-content\/uploads\/2026\/02\/insertion-professionnelle-1200x988.jpg 1200w, https:\/\/csbpn.org\/wp-content\/uploads\/2026\/02\/insertion-professionnelle.jpg 1224w\" sizes=\"(max-width: 580px) 100vw, 580px\" \/>\t\t\t\t\t\t\t\t\t\t\t\t\t\t\t<\/div>\n\t\t\t\t<\/div>\n\t\t\t\t\t<\/div>\n\t\t<\/div>\n\t\t\t\t\t<\/div>\n\t\t<\/section>\n\t\t\t\t<section class=\"elementor-section elementor-top-section elementor-element elementor-element-6e8fff4 elementor-section-boxed elementor-section-height-default elementor-section-height-default\" data-id=\"6e8fff4\" data-element_type=\"section\" data-e-type=\"section\">\n\t\t\t\t\t\t<div class=\"elementor-container elementor-column-gap-default\">\n\t\t\t\t\t<div class=\"elementor-column elementor-col-100 elementor-top-column elementor-element elementor-element-40a4557\" data-id=\"40a4557\" data-element_type=\"column\" data-e-type=\"column\">\n\t\t\t<div class=\"elementor-widget-wrap elementor-element-populated\">\n\t\t\t\t\t\t<div class=\"elementor-element elementor-element-a5c9359 elementor-widget-divider--view-line elementor-widget elementor-widget-divider\" data-id=\"a5c9359\" data-element_type=\"widget\" data-e-type=\"widget\" data-widget_type=\"divider.default\">\n\t\t\t\t<div class=\"elementor-widget-container\">\n\t\t\t\t\t\t\t<div class=\"elementor-divider\">\n\t\t\t<span class=\"elementor-divider-separator\">\n\t\t\t\t\t\t<\/span>\n\t\t<\/div>\n\t\t\t\t\t\t<\/div>\n\t\t\t\t<\/div>\n\t\t\t\t<div class=\"elementor-element elementor-element-7835653 elementor-widget elementor-widget-heading\" data-id=\"7835653\" data-element_type=\"widget\" data-e-type=\"widget\" data-widget_type=\"heading.default\">\n\t\t\t\t<div class=\"elementor-widget-container\">\n\t\t\t\t\t<h3 class=\"elementor-heading-title elementor-size-large\">INSERTION PROFESSIONNELLE<\/h3>\t\t\t\t<\/div>\n\t\t\t\t<\/div>\n\t\t\t\t<div class=\"elementor-element elementor-element-53f4511 elementor-widget elementor-widget-text-editor\" data-id=\"53f4511\" data-element_type=\"widget\" data-e-type=\"widget\" data-widget_type=\"text-editor.default\">\n\t\t\t\t<div class=\"elementor-widget-container\">\n\t\t\t\t\t\t\t\t\t<p><strong><u>Insertion sociale et professionnelle<\/u><\/strong><\/p><p>Le Centre Social accompagne les personnes b\u00e9n\u00e9ficiaires du RSA et toute personne en difficult\u00e9 d\u2019insertion \u00e0 travers un suivi personnalis\u00e9, men\u00e9 par des r\u00e9f\u00e9rents sociaux et professionnels.<\/p><p>Ces accompagnements ont pour objectif de favoriser l\u2019autonomie, la confiance en soi et l\u2019acc\u00e8s durable \u00e0 l\u2019emploi ou \u00e0 une meilleure situation sociale.<\/p><p><strong><u>Un accompagnement personnalis\u00e9 selon vos besoins<\/u><\/strong><\/p><p>Les r\u00e9f\u00e9rents RSA proposent, en fonction de chaque situation, des actions adapt\u00e9es pour :<\/p><p>&#8211; Aider \u00e0 la construction d\u2019un projet de vie r\u00e9aliste et motivant<\/p><p>&#8211; Co-construire un plan d\u2019action permettant l\u2019\u00e9mergence ou la consolidation d\u2019un projet professionnel<\/p><p>&#8211; Lutter contre les exclusions par des actions favorisant l\u2019emploi, l\u2019acc\u00e8s aux soins, \u00e0 la formation et au logement<\/p><p>&#8211; Soutenir l\u2019am\u00e9lioration de la situation sociale (acc\u00e8s aux droits, ouverture de dossiers, orientation vers les partenaires comp\u00e9tents)<\/p><p>&#8211; Renforcer l\u2019autonomie au quotidien dans la gestion des d\u00e9marches personnelles et administratives<\/p><p>&#8211; Favoriser la prise de confiance en soi, le d\u00e9veloppement des comp\u00e9tences, des talents et des savoir-faire<\/p><p>&#8211; Mieux conna\u00eetre l\u2019environnement social et \u00e9conomique local, ses dispositifs et ses opportunit\u00e9s<\/p><p>&#8211; Accompagner la r\u00e9solution des difficult\u00e9s du quotidien (aides administratives, financi\u00e8res, r\u00e9daction de courriers, constitution de dossiers, etc.)<\/p><p><strong><u>Actions d\u2019accompagnement social et d\u2019insertion<\/u><\/strong><\/p><ol><li><strong><em>M\u00e9diation sociale<\/em><\/strong><\/li><\/ol><p>La m\u00e9diation sociale vise \u00e0 cr\u00e9er ou restaurer le lien entre les habitants, les institutions et les acteurs du territoire.<br \/>Elle se d\u00e9cline \u00e0 travers plusieurs axes :<\/p><p>&#8211; Accueil, \u00e9coute et accompagnement des publics sp\u00e9cifiques ou en difficult\u00e9<\/p><p>&#8211; Autonomisation des femmes, par des actions favorisant la confiance, la mobilit\u00e9 et l\u2019insertion sociale et professionnelle<\/p><p>&#8211; M\u00e9diation \u00e0 l\u2019emploi en lien avec les r\u00e9f\u00e9rents et les partenaires (France Travail, PLIE, Missions Locales, associations d\u2019insertion) ;<\/p><p>&#8211; Sensibilisation \u00e0 la citoyennet\u00e9 et au vivre-ensemble : droits, devoirs, \u00e9galit\u00e9, participation \u00e0 la vie locale ;<\/p><p>&#8211; Pr\u00e9vention des situations de rupture sociale, de conflit ou d\u2019isolement.<\/p><ol><li><strong><em>M\u00e9diation socio-administrative<\/em><\/strong><\/li><\/ol><p>La m\u00e9diation socio-administrative permet d\u2019aider les personnes \u00e0 faire valoir leurs droits et \u00e0 gagner en autonomie dans leurs d\u00e9marches.<br \/>Elle comprend notamment :<\/p><p>&#8211; L\u2019accompagnement dans les d\u00e9marches administratives (CAF, CPAM, MDPH, pr\u00e9fecture, imp\u00f4ts, etc.)<\/p><p>&#8211; Le soutien dans les recours ou situations complexes avec les administrations<\/p><p>&#8211; L\u2019aide \u00e0 la r\u00e9daction de courriers ou formulaires officiels<\/p><p>&#8211; L\u2019appui pour contacter les administrations, services publics ou partenaires sociaux<\/p>\t\t\t\t\t\t\t\t<\/div>\n\t\t\t\t<\/div>\n\t\t\t\t\t<\/div>\n\t\t<\/div>\n\t\t\t\t\t<\/div>\n\t\t<\/section>\n\t\t\t\t<\/div>\n\t\t","protected":false},"excerpt":{"rendered":"<p>Insertion Sociale et Professionnelle \u00ab \u00ab Le centre social agit pour favoriser l\u2019insertion sociale et professionnelle des habitants.\u00bb PLIE Le PLIE accompagne les personnes vers l\u2019emploi durable \u00e0 travers diff\u00e9rents dispositifs : &#8211; Des actions de m\u00e9diation et d\u2019accompagnement \u00e0 l\u2019emploi &#8211; Des entretiens individuels et\/ou collectifs pour identifier les besoins et les possibilit\u00e9s dans [&hellip;]<\/p>\n","protected":false},"author":5,"featured_media":0,"parent":0,"menu_order":0,"comment_status":"closed","ping_status":"closed","template":"elementor_header_footer","meta":{"footnotes":""},"class_list":["post-2571","page","type-page","status-publish","hentry"],"yoast_head":"<!-- This site is optimized with the Yoast SEO plugin v27.0 - https:\/\/yoast.com\/product\/yoast-seo-wordpress\/ -->\n<title>Insertion Sociale et Professionnelle - Centre Social et Culturel Bourgogne<\/title>\n<meta name=\"robots\" content=\"index, follow, max-snippet:-1, max-image-preview:large, max-video-preview:-1\" \/>\n<link rel=\"canonical\" href=\"https:\/\/csbpn.org\/index.php\/insertion-sociale-et-professionnelle2\/\" \/>\n<meta property=\"og:locale\" content=\"fr_FR\" \/>\n<meta property=\"og:type\" content=\"article\" \/>\n<meta property=\"og:title\" content=\"Insertion Sociale et Professionnelle - Centre Social et Culturel Bourgogne\" \/>\n<meta property=\"og:description\" content=\"Insertion Sociale et Professionnelle \u00ab \u00ab Le centre social agit pour favoriser l\u2019insertion sociale et professionnelle des habitants.\u00bb PLIE Le PLIE accompagne les personnes vers l\u2019emploi durable \u00e0 travers diff\u00e9rents dispositifs : &#8211; Des actions de m\u00e9diation et d\u2019accompagnement \u00e0 l\u2019emploi &#8211; Des entretiens individuels et\/ou collectifs pour identifier les besoins et les possibilit\u00e9s dans [&hellip;]\" \/>\n<meta property=\"og:url\" content=\"https:\/\/csbpn.org\/index.php\/insertion-sociale-et-professionnelle2\/\" \/>\n<meta property=\"og:site_name\" content=\"Centre Social et Culturel Bourgogne\" \/>\n<meta property=\"article:modified_time\" content=\"2026-02-24T13:44:58+00:00\" \/>\n<meta property=\"og:image\" content=\"https:\/\/csbpn.org\/wp-content\/uploads\/2026\/02\/insertion-professionnelle.jpg\" \/>\n\t<meta property=\"og:image:width\" content=\"1224\" \/>\n\t<meta property=\"og:image:height\" content=\"1008\" \/>\n\t<meta property=\"og:image:type\" content=\"image\/jpeg\" \/>\n<meta name=\"twitter:card\" content=\"summary_large_image\" \/>\n<meta name=\"twitter:label1\" content=\"Dur\u00e9e de lecture estim\u00e9e\" \/>\n\t<meta name=\"twitter:data1\" content=\"4 minutes\" \/>\n<script type=\"application\/ld+json\" class=\"yoast-schema-graph\">{\"@context\":\"https:\/\/schema.org\",\"@graph\":[{\"@type\":\"WebPage\",\"@id\":\"https:\/\/csbpn.org\/index.php\/insertion-sociale-et-professionnelle2\/\",\"url\":\"https:\/\/csbpn.org\/index.php\/insertion-sociale-et-professionnelle2\/\",\"name\":\"Insertion Sociale et Professionnelle - Centre Social et Culturel Bourgogne\",\"isPartOf\":{\"@id\":\"https:\/\/csbpn.org\/#website\"},\"primaryImageOfPage\":{\"@id\":\"https:\/\/csbpn.org\/index.php\/insertion-sociale-et-professionnelle2\/#primaryimage\"},\"image\":{\"@id\":\"https:\/\/csbpn.org\/index.php\/insertion-sociale-et-professionnelle2\/#primaryimage\"},\"thumbnailUrl\":\"https:\/\/csbpn.org\/wp-content\/uploads\/2026\/02\/insertion-professionnelle-1024x843.jpg\",\"datePublished\":\"2025-11-26T16:17:45+00:00\",\"dateModified\":\"2026-02-24T13:44:58+00:00\",\"breadcrumb\":{\"@id\":\"https:\/\/csbpn.org\/index.php\/insertion-sociale-et-professionnelle2\/#breadcrumb\"},\"inLanguage\":\"fr-FR\",\"potentialAction\":[{\"@type\":\"ReadAction\",\"target\":[\"https:\/\/csbpn.org\/index.php\/insertion-sociale-et-professionnelle2\/\"]}]},{\"@type\":\"ImageObject\",\"inLanguage\":\"fr-FR\",\"@id\":\"https:\/\/csbpn.org\/index.php\/insertion-sociale-et-professionnelle2\/#primaryimage\",\"url\":\"https:\/\/csbpn.org\/wp-content\/uploads\/2026\/02\/insertion-professionnelle.jpg\",\"contentUrl\":\"https:\/\/csbpn.org\/wp-content\/uploads\/2026\/02\/insertion-professionnelle.jpg\",\"width\":1224,\"height\":1008},{\"@type\":\"BreadcrumbList\",\"@id\":\"https:\/\/csbpn.org\/index.php\/insertion-sociale-et-professionnelle2\/#breadcrumb\",\"itemListElement\":[{\"@type\":\"ListItem\",\"position\":1,\"name\":\"Home\",\"item\":\"https:\/\/csbpn.org\/\"},{\"@type\":\"ListItem\",\"position\":2,\"name\":\"Insertion Sociale et Professionnelle\"}]},{\"@type\":\"WebSite\",\"@id\":\"https:\/\/csbpn.org\/#website\",\"url\":\"https:\/\/csbpn.org\/\",\"name\":\"Centre Social et Culturel Bourgogne\",\"description\":\"Cr\u00e9ons des liens, b\u00e2tissons l&#039;avenir ensemble\",\"publisher\":{\"@id\":\"https:\/\/csbpn.org\/#organization\"},\"potentialAction\":[{\"@type\":\"SearchAction\",\"target\":{\"@type\":\"EntryPoint\",\"urlTemplate\":\"https:\/\/csbpn.org\/?s={search_term_string}\"},\"query-input\":{\"@type\":\"PropertyValueSpecification\",\"valueRequired\":true,\"valueName\":\"search_term_string\"}}],\"inLanguage\":\"fr-FR\"},{\"@type\":\"Organization\",\"@id\":\"https:\/\/csbpn.org\/#organization\",\"name\":\"Centre Social et Culturel Bourgogne\",\"url\":\"https:\/\/csbpn.org\/\",\"logo\":{\"@type\":\"ImageObject\",\"inLanguage\":\"fr-FR\",\"@id\":\"https:\/\/csbpn.org\/#\/schema\/logo\/image\/\",\"url\":\"https:\/\/csbpn.org\/wp-content\/uploads\/2025\/10\/cropped-LOGO-8.png\",\"contentUrl\":\"https:\/\/csbpn.org\/wp-content\/uploads\/2025\/10\/cropped-LOGO-8.png\",\"width\":500,\"height\":394,\"caption\":\"Centre Social et Culturel Bourgogne\"},\"image\":{\"@id\":\"https:\/\/csbpn.org\/#\/schema\/logo\/image\/\"}}]}<\/script>\n<!-- \/ Yoast SEO plugin. -->","yoast_head_json":{"title":"Insertion Sociale et Professionnelle - Centre Social et Culturel Bourgogne","robots":{"index":"index","follow":"follow","max-snippet":"max-snippet:-1","max-image-preview":"max-image-preview:large","max-video-preview":"max-video-preview:-1"},"canonical":"https:\/\/csbpn.org\/index.php\/insertion-sociale-et-professionnelle2\/","og_locale":"fr_FR","og_type":"article","og_title":"Insertion Sociale et Professionnelle - Centre Social et Culturel Bourgogne","og_description":"Insertion Sociale et Professionnelle \u00ab \u00ab Le centre social agit pour favoriser l\u2019insertion sociale et professionnelle des habitants.\u00bb PLIE Le PLIE accompagne les personnes vers l\u2019emploi durable \u00e0 travers diff\u00e9rents dispositifs : &#8211; Des actions de m\u00e9diation et d\u2019accompagnement \u00e0 l\u2019emploi &#8211; Des entretiens individuels et\/ou collectifs pour identifier les besoins et les possibilit\u00e9s dans [&hellip;]","og_url":"https:\/\/csbpn.org\/index.php\/insertion-sociale-et-professionnelle2\/","og_site_name":"Centre Social et Culturel Bourgogne","article_modified_time":"2026-02-24T13:44:58+00:00","og_image":[{"width":1224,"height":1008,"url":"https:\/\/csbpn.org\/wp-content\/uploads\/2026\/02\/insertion-professionnelle.jpg","type":"image\/jpeg"}],"twitter_card":"summary_large_image","twitter_misc":{"Dur\u00e9e de lecture estim\u00e9e":"4 minutes"},"schema":{"@context":"https:\/\/schema.org","@graph":[{"@type":"WebPage","@id":"https:\/\/csbpn.org\/index.php\/insertion-sociale-et-professionnelle2\/","url":"https:\/\/csbpn.org\/index.php\/insertion-sociale-et-professionnelle2\/","name":"Insertion Sociale et Professionnelle - Centre Social et Culturel Bourgogne","isPartOf":{"@id":"https:\/\/csbpn.org\/#website"},"primaryImageOfPage":{"@id":"https:\/\/csbpn.org\/index.php\/insertion-sociale-et-professionnelle2\/#primaryimage"},"image":{"@id":"https:\/\/csbpn.org\/index.php\/insertion-sociale-et-professionnelle2\/#primaryimage"},"thumbnailUrl":"https:\/\/csbpn.org\/wp-content\/uploads\/2026\/02\/insertion-professionnelle-1024x843.jpg","datePublished":"2025-11-26T16:17:45+00:00","dateModified":"2026-02-24T13:44:58+00:00","breadcrumb":{"@id":"https:\/\/csbpn.org\/index.php\/insertion-sociale-et-professionnelle2\/#breadcrumb"},"inLanguage":"fr-FR","potentialAction":[{"@type":"ReadAction","target":["https:\/\/csbpn.org\/index.php\/insertion-sociale-et-professionnelle2\/"]}]},{"@type":"ImageObject","inLanguage":"fr-FR","@id":"https:\/\/csbpn.org\/index.php\/insertion-sociale-et-professionnelle2\/#primaryimage","url":"https:\/\/csbpn.org\/wp-content\/uploads\/2026\/02\/insertion-professionnelle.jpg","contentUrl":"https:\/\/csbpn.org\/wp-content\/uploads\/2026\/02\/insertion-professionnelle.jpg","width":1224,"height":1008},{"@type":"BreadcrumbList","@id":"https:\/\/csbpn.org\/index.php\/insertion-sociale-et-professionnelle2\/#breadcrumb","itemListElement":[{"@type":"ListItem","position":1,"name":"Home","item":"https:\/\/csbpn.org\/"},{"@type":"ListItem","position":2,"name":"Insertion Sociale et Professionnelle"}]},{"@type":"WebSite","@id":"https:\/\/csbpn.org\/#website","url":"https:\/\/csbpn.org\/","name":"Centre Social et Culturel Bourgogne","description":"Cr\u00e9ons des liens, b\u00e2tissons l&#039;avenir ensemble","publisher":{"@id":"https:\/\/csbpn.org\/#organization"},"potentialAction":[{"@type":"SearchAction","target":{"@type":"EntryPoint","urlTemplate":"https:\/\/csbpn.org\/?s={search_term_string}"},"query-input":{"@type":"PropertyValueSpecification","valueRequired":true,"valueName":"search_term_string"}}],"inLanguage":"fr-FR"},{"@type":"Organization","@id":"https:\/\/csbpn.org\/#organization","name":"Centre Social et Culturel Bourgogne","url":"https:\/\/csbpn.org\/","logo":{"@type":"ImageObject","inLanguage":"fr-FR","@id":"https:\/\/csbpn.org\/#\/schema\/logo\/image\/","url":"https:\/\/csbpn.org\/wp-content\/uploads\/2025\/10\/cropped-LOGO-8.png","contentUrl":"https:\/\/csbpn.org\/wp-content\/uploads\/2025\/10\/cropped-LOGO-8.png","width":500,"height":394,"caption":"Centre Social et Culturel Bourgogne"},"image":{"@id":"https:\/\/csbpn.org\/#\/schema\/logo\/image\/"}}]}},"_links":{"self":[{"href":"https:\/\/csbpn.org\/index.php\/wp-json\/wp\/v2\/pages\/2571","targetHints":{"allow":["GET"]}}],"collection":[{"href":"https:\/\/csbpn.org\/index.php\/wp-json\/wp\/v2\/pages"}],"about":[{"href":"https:\/\/csbpn.org\/index.php\/wp-json\/wp\/v2\/types\/page"}],"author":[{"embeddable":true,"href":"https:\/\/csbpn.org\/index.php\/wp-json\/wp\/v2\/users\/5"}],"replies":[{"embeddable":true,"href":"https:\/\/csbpn.org\/index.php\/wp-json\/wp\/v2\/comments?post=2571"}],"version-history":[{"count":11,"href":"https:\/\/csbpn.org\/index.php\/wp-json\/wp\/v2\/pages\/2571\/revisions"}],"predecessor-version":[{"id":3212,"href":"https:\/\/csbpn.org\/index.php\/wp-json\/wp\/v2\/pages\/2571\/revisions\/3212"}],"wp:attachment":[{"href":"https:\/\/csbpn.org\/index.php\/wp-json\/wp\/v2\/media?parent=2571"}],"curies":[{"name":"wp","href":"https:\/\/api.w.org\/{rel}","templated":true}]}}